{"id":10395,"date":"2024-07-25T09:41:53","date_gmt":"2024-07-25T06:41:53","guid":{"rendered":"https:\/\/yildizpolietilen.com\/vizyon-misyon-ve-temel-degerler\/"},"modified":"2025-06-24T15:08:34","modified_gmt":"2025-06-24T12:08:34","slug":"vision-auftrag-und-grundwerte","status":"publish","type":"page","link":"https:\/\/www.yildizpolietilen.com\/de\/vision-auftrag-und-grundwerte\/","title":{"rendered":"Vision, Mission und Grundwerte"},"content":{"rendered":"\t\t<div data-elementor-type=\"wp-page\" data-elementor-id=\"10395\" class=\"elementor elementor-10395 elementor-10393\" data-elementor-post-type=\"page\">\n\t\t\t\t<div class=\"elementor-element elementor-element-3dc7b80 e-flex e-con-boxed e-con e-parent\" data-id=\"3dc7b80\" data-element_type=\"container\">\n\t\t\t\t\t<div class=\"e-con-inner\">\n\t\t\r\n\t\t<div class=\"elementor-element elementor-element-86525bf elementor-widget elementor-widget-text-editor\" data-id=\"86525bf\" data-element_type=\"widget\" data-widget_type=\"text-editor.default\">\n\t\t\t\t<div class=\"elementor-widget-container\">\n\t\t\t\t\t\t\t\t\t<div class=\"e-con-inner\">\n<div class=\"elementor-element elementor-element-24b7f6e elementor-widget elementor-widget-kontafeature\" data-id=\"24b7f6e\" data-element_type=\"widget\" data-settings=\"{\" ekit_we_effect_on=\"\" data-widget_type=\"kontafeature.default\">\n<div class=\"elementor-widget-container\">\n<div class=\"about-grid2\">\n<div class=\"icon\"><img decoding=\"async\" class=\" lazyloaded\" src=\"https:\/\/yildizpolietilen.com\/wp-content\/uploads\/2024\/10\/yp1.png\" alt=\"yp1\" data-src=\"https:\/\/yildizpolietilen.com\/wp-content\/uploads\/2024\/10\/yp1.png\"><noscript><img decoding=\"async\" src=\"https:\/\/yildizpolietilen.com\/wp-content\/uploads\/2024\/10\/yp1.png\" alt=\"yp1\"><\/noscript><\/div>\n<div class=\"about-grid-details\">\n<h3 class=\"about-grid_title title-selector h6\">Unsere Vision<\/h3>\n<p class=\"desc-selector\">Die vertrauensw\u00fcrdigste und beliebteste Marke und Pionierunternehmen in der Branche mit robusten und hochwertigen Produkten zu sein.<\/p>\n\n<\/div>\n<\/div>\n<div class=\"about-grid2\">\n<div class=\"icon\"><img decoding=\"async\" class=\" lazyloaded\" src=\"https:\/\/yildizpolietilen.com\/wp-content\/uploads\/2024\/10\/yp1.png\" alt=\"yp1\" data-src=\"https:\/\/yildizpolietilen.com\/wp-content\/uploads\/2024\/10\/yp1.png\"><noscript><img decoding=\"async\" src=\"https:\/\/yildizpolietilen.com\/wp-content\/uploads\/2024\/10\/yp1.png\" alt=\"yp1\"><\/noscript><\/div>\n<div class=\"about-grid-details\">\n<h3 class=\"about-grid_title title-selector h6\">Unser Auftrag<\/h3>\n<p class=\"desc-selector\">Die Herstellung und das Angebot von zug\u00e4nglichen, qualitativ hochwertigen und umweltfreundlichen Infrastruktur-Rohrformst\u00fccken in \u00dcbereinstimmung mit internationalen Standards auf einem Niveau, das den Bed\u00fcrfnissen und Erwartungen der Kunden entspricht.<\/p>\n\n<\/div>\n<\/div>\n<div class=\"about-grid2\">\n<div class=\"icon\"><img decoding=\"async\" class=\" lazyloaded\" src=\"https:\/\/yildizpolietilen.com\/wp-content\/uploads\/2024\/10\/yp1.png\" alt=\"yp1\" data-src=\"https:\/\/yildizpolietilen.com\/wp-content\/uploads\/2024\/10\/yp1.png\">\n<noscript><img decoding=\"async\" src=\"https:\/\/www.yildizpolietilen.com\/wp-content\/uploads\/2024\/09\/yp-1-e1726675363663.png\" alt=\"yp 1 e1726675363663\"><\/noscript><\/div>\n<div class=\"about-grid-details\">\n<h3 class=\"about-grid_title title-selector h6\">Unsere Grundwerte<\/h3>\n<p class=\"desc-selector\">&#8211; Nationalen und spirituellen Werten verpflichtet sein<br>&#8211; Kundenorientiert sein<br>&#8211; Fair und gerecht sein<br>&#8211; Respektvoll, tolerant und bescheiden sein<br>&#8211; Zuverl\u00e4ssig, ehrlich, aufrichtig und loyal sein<\/p>\n\n<\/div>\n<\/div>\n<\/div>\n<\/div>\n<\/div>\t\t\t\t\t\t\t\t<\/div>\n\t\t\t\t<\/div>\n\t\t\t\t\t<\/div>\n\t\t\t\t<\/div>\n\t\t\t\t<\/div>\n\t\t","protected":false},"excerpt":{"rendered":"<p>Unsere Vision Die vertrauensw\u00fcrdigste und beliebteste Marke und Pionierunternehmen in der Branche mit robusten und hochwertigen Produkten zu sein. Unser Auftrag Die Herstellung und das Angebot von zug\u00e4nglichen, qualitativ hochwertigen und umweltfreundlichen Infrastruktur-Rohrformst\u00fccken in \u00dcbereinstimmung mit internationalen Standards auf einem Niveau, das den Bed\u00fcrfnissen und Erwartungen der Kunden entspricht. Unsere Grundwerte &#8211; Nationalen und spirituellen&#8230;<\/p>\n","protected":false},"author":1,"featured_media":0,"parent":0,"menu_order":0,"comment_status":"closed","ping_status":"closed","template":"","meta":{"pgc_sgb_lightbox_settings":"","footnotes":""},"class_list":["post-10395","page","type-page","status-publish","hentry"],"_links":{"self":[{"href":"https:\/\/www.yildizpolietilen.com\/de\/wp-json\/wp\/v2\/pages\/10395","targetHints":{"allow":["GET"]}}],"collection":[{"href":"https:\/\/www.yildizpolietilen.com\/de\/wp-json\/wp\/v2\/pages"}],"about":[{"href":"https:\/\/www.yildizpolietilen.com\/de\/wp-json\/wp\/v2\/types\/page"}],"author":[{"embeddable":true,"href":"https:\/\/www.yildizpolietilen.com\/de\/wp-json\/wp\/v2\/users\/1"}],"replies":[{"embeddable":true,"href":"https:\/\/www.yildizpolietilen.com\/de\/wp-json\/wp\/v2\/comments?post=10395"}],"version-history":[{"count":3,"href":"https:\/\/www.yildizpolietilen.com\/de\/wp-json\/wp\/v2\/pages\/10395\/revisions"}],"predecessor-version":[{"id":19522,"href":"https:\/\/www.yildizpolietilen.com\/de\/wp-json\/wp\/v2\/pages\/10395\/revisions\/19522"}],"wp:attachment":[{"href":"https:\/\/www.yildizpolietilen.com\/de\/wp-json\/wp\/v2\/media?parent=10395"}],"curies":[{"name":"wp","href":"https:\/\/api.w.org\/{rel}","templated":true}]}}