{"id":10384,"date":"2024-08-13T16:39:04","date_gmt":"2024-08-13T13:39:04","guid":{"rendered":"https:\/\/yildizpolietilen.com\/ucret-yonetimi\/"},"modified":"2025-06-24T15:08:57","modified_gmt":"2025-06-24T12:08:57","slug":"lohnmanagement","status":"publish","type":"page","link":"https:\/\/www.yildizpolietilen.com\/de\/lohnmanagement\/","title":{"rendered":"Lohnmanagement"},"content":{"rendered":"\t\t<div data-elementor-type=\"wp-page\" data-elementor-id=\"10384\" class=\"elementor elementor-10384 elementor-10382\" data-elementor-post-type=\"page\">\n\t\t\t\t\t\t<section class=\"elementor-section elementor-top-section elementor-element elementor-element-6089c940 elementor-section-full_width elementor-section-height-default elementor-section-height-default\" data-id=\"6089c940\" data-element_type=\"section\">\n\t\t\t\t\t\t<div class=\"elementor-container elementor-column-gap-no\">\n\t\t\t\t\t<div class=\"elementor-column elementor-col-100 elementor-top-column elementor-element elementor-element-3e556b33\" data-id=\"3e556b33\" data-element_type=\"column\">\n\t\t\t<div class=\"elementor-widget-wrap elementor-element-populated\">\n\t\t\t\t\r\n\t\t<div class=\"elementor-element elementor-element-562a6dbd elementor-widget elementor-widget-kontabanner\" data-id=\"562a6dbd\" data-element_type=\"widget\" data-widget_type=\"kontabanner.default\">\n\t\t\t\t<div class=\"elementor-widget-container\">\n\t\t\t\t\t<div class=\"th-hero-wrapper hero-2\" id=\"hero\"><div class=\"hero-slider-2 th-carousel\" id=\"heroSlide6\" data-slide-show=\"1\" data-md-slide-show=\"1\" data-fade=\"true\"><div class=\"th-hero-slide\"><div class=\"th-hero-bg\" data-bg-src=\"https:\/\/yildizpolietilen.com\/wp-content\/uploads\/2024\/11\/pexels-photo-3184418.webp\"><img decoding=\"async\" src=\"https:\/\/themeholy.com\/wordpress\/konta\/wp-content\/uploads\/2023\/09\/hero_overlay_2.png\" alt=\"hero_overlay_2\"  \/><\/div><div class=\"big-text\" data-ani=\"slideindown\" data-ani-delay=\"0.2s\">Y\u0131ld\u0131z Polietilen<\/div><div class=\"container th-container\"><div class=\"hero-style2\"><h1 class=\"hero-title text-white\" data-ani=\"slideindown\" data-ani-delay=\"0.4s\">\u00dccret<\/h1><h1 class=\"hero-title text-white\" data-ani=\"slideindown\" data-ani-delay=\"0.1s\"><span class=\"text-theme\"> Y\u00f6netimi <\/span><\/h1><p class=\"hero-text\" data-ani=\"slideinup\" data-ani-delay=\"0.1s\">Y\u0131ld\u0131z Polietilen olarak, adil ve rekabet\u00e7i bir \u00fccretlendirme sistemiyle \u00e7al\u0131\u015fanlar\u0131m\u0131z\u0131n motivasyonunu ve memnuniyetini art\u0131rmay\u0131 hedefliyoruz.<\/p><div class=\"btn-group\" data-ani=\"slideinup\" data-ani-delay=\"0.5s\"><\/div><\/div><\/div><\/div><\/div><div class=\"icon-box\"><button data-slick-prev=\"#heroSlide6\" class=\"slick-arrow default\"><i class=\"far fa-chevron-left\"><\/i><\/button><button data-slick-next=\"#heroSlide6\" class=\"slick-arrow default\"><i class=\"far fa-chevron-right\"><\/i><\/button><\/div><\/div>\t\t\t\t<\/div>\n\t\t\t\t<\/div>\n\t\t\t\t\t<\/div>\n\t\t<\/div>\n\t\t\t\t\t<\/div>\n\t\t<\/section>\n\t\t<div class=\"elementor-element elementor-element-d4a2852 e-flex e-con-boxed e-con e-parent\" data-id=\"d4a2852\" data-element_type=\"container\">\n\t\t\t\t\t<div class=\"e-con-inner\">\n\t\t\t\t<div class=\"elementor-element elementor-element-b2a3370 elementor-widget elementor-widget-spacer\" data-id=\"b2a3370\" data-element_type=\"widget\" data-widget_type=\"spacer.default\">\n\t\t\t\t<div class=\"elementor-widget-container\">\n\t\t\t\t\t\t\t<div class=\"elementor-spacer\">\n\t\t\t<div class=\"elementor-spacer-inner\"><\/div>\n\t\t<\/div>\n\t\t\t\t\t\t<\/div>\n\t\t\t\t<\/div>\n\t\t\t\t\t<\/div>\n\t\t\t\t<\/div>\n\t\t<div class=\"elementor-element elementor-element-723cc03 e-flex e-con-boxed e-con e-parent\" data-id=\"723cc03\" data-element_type=\"container\">\n\t\t\t\t\t<div class=\"e-con-inner\">\n\t\t<div class=\"elementor-element elementor-element-01873ab e-con-full e-flex e-con e-child\" data-id=\"01873ab\" data-element_type=\"container\">\n\t\t\t\t<\/div>\n\t\t<div class=\"elementor-element elementor-element-2ff4c08 e-con-full e-flex e-con e-child\" data-id=\"2ff4c08\" data-element_type=\"container\">\n\t\t\t\t<div class=\"elementor-element elementor-element-f5b0f12 elementor-widget elementor-widget-text-editor\" data-id=\"f5b0f12\" data-element_type=\"widget\" data-widget_type=\"text-editor.default\">\n\t\t\t\t<div class=\"elementor-widget-container\">\n\t\t\t\t\t\t\t\t\t<h3 data-sourcepos=\"3:1-3:350\">Lohnmanagement<\/h3><p data-sourcepos=\"3:1-3:350\">Wir f\u00fchren ein faires und transparentes Verg\u00fctungssystem ein, um sicherzustellen, dass unsere Mitarbeiter f\u00fcr ihre Bem\u00fchungen bestm\u00f6glich entlohnt werden und ihre Motivation hoch bleibt. Unsere Verg\u00fctungspolitik basiert auf der Leistung unserer Mitarbeiter, ihrer Betriebszugeh\u00f6rigkeit, der Verantwortung in ihrer Position und den Marktbedingungen.   <\/p><h3 class=\"\" data-sourcepos=\"5:1-5:29\">Unsere Preisgestaltungsprinzipien<\/h3><ul data-sourcepos=\"7:1-7:61\"><li data-sourcepos=\"7:1-7:61\"><strong>Gerechtigkeit und Gleichheit:<\/strong> Unser Grundprinzip ist es, sicherzustellen, dass alle unsere Mitarbeiter den gleichen Lohn f\u00fcr die gleiche Arbeit und Verantwortung erhalten.<\/li><li><strong>Leistungsabh\u00e4ngige Verg\u00fctung:<\/strong> Wir bewerten regelm\u00e4\u00dfig die Leistung unserer Mitarbeiter und belohnen ihren Erfolg.<\/li><li><strong>\u00dcberwachung der Marktbedingungen:<\/strong> Indem wir die Verg\u00fctungstrends in unserem Sektor genau verfolgen, stellen wir sicher, dass unsere Mitarbeiter L\u00f6hne erhalten, die \u00fcber dem Marktdurchschnitt liegen.<\/li><li><strong>Transparenz<\/strong> Unser Verg\u00fctungssystem ist vollkommen transparent. Jeder Mitarbeiter wei\u00df, wie sein Gehalt festgelegt wird und nach welchen Kriterien er eine Erh\u00f6hung erh\u00e4lt.   <\/li><li><strong>Regelm\u00e4\u00dfige \u00dcberpr\u00fcfung:<\/strong> Wir \u00fcberpr\u00fcfen unser Verg\u00fctungssystem regelm\u00e4\u00dfig und passen es an die Marktbedingungen und die Leistung des Unternehmens an.<\/li><\/ul><h3 class=\"\" data-sourcepos=\"13:1-13:21\">Lohnbestandteile<\/h3><p data-sourcepos=\"15:1-15:59\">Die Verg\u00fctung unserer Mitarbeiter setzt sich aus den folgenden Komponenten zusammen:<\/p><ul data-sourcepos=\"17:1-21:0\"><li data-sourcepos=\"17:1-17:100\"><strong>Grundgehalt:<\/strong> Ein festes Gehalt, das sich nach der Position und den Aufgaben des Mitarbeiters richtet.<\/li><li data-sourcepos=\"18:1-18:123\"><strong>Leistungsbonus:<\/strong> Es handelt sich um eine Pr\u00e4mie, die in Abh\u00e4ngigkeit vom Grad der Erreichung der gesetzten Ziele und der Gesamtleistung des Mitarbeiters gezahlt wird.<\/li><li data-sourcepos=\"19:1-19:77\"><strong>Seniorit\u00e4tserh\u00f6hung:<\/strong> Eine Gehaltserh\u00f6hung, die denjenigen gew\u00e4hrt wird, die eine bestimmte Zeit lang im Unternehmen gearbeitet haben.<\/li><li data-sourcepos=\"20:1-21:0\"><strong>Sonstige Zahlungen:<\/strong> Zus\u00e4tzliche Zahlungen wie Boni zu besonderen Anl\u00e4ssen, \u00dcberstundenverg\u00fctung.<\/li><\/ul><h3 class=\"\" data-sourcepos=\"22:1-22:19\">Lohnerh\u00f6hungen<\/h3><p data-sourcepos=\"24:1-24:79\">Die Lohnerh\u00f6hungen f\u00fcr unsere Mitarbeiter werden auf der Grundlage der folgenden Faktoren festgelegt:<\/p><ul data-sourcepos=\"26:1-26:87\"><li data-sourcepos=\"26:1-26:87\"><strong>Leistungsbewertung:<\/strong> Lohnerh\u00f6hungen werden entsprechend den Entwicklungsbereichen und Leistungen vorgenommen, die als Ergebnis der j\u00e4hrlichen Leistungsbewertung des Mitarbeiters ermittelt wurden.<\/li><li data-sourcepos=\"27:1-27:107\"><strong>Marktbedingungen:<\/strong> Die Verg\u00fctungsentwicklung in der Branche und die finanzielle Situation des Unternehmens werden ber\u00fccksichtigt.<\/li><li data-sourcepos=\"28:1-29:0\"><strong>Lebenshaltungskosten-Index:<\/strong> Faktoren wie die Inflation werden bei Lohnerh\u00f6hungen ebenfalls ber\u00fccksichtigt.<\/li><\/ul><h3 class=\"\" data-sourcepos=\"30:1-30:24\">Prozess der Entlohnung<\/h3><p data-sourcepos=\"32:1-32:142\">Die L\u00f6hne unserer Mitarbeiter werden von unserer Personalabteilung sorgf\u00e4ltig verwaltet. Bei der Verg\u00fctung werden die folgenden Schritte befolgt:   <\/p><ol data-sourcepos=\"34:1-38:43\"><li data-sourcepos=\"34:1-34:94\"><strong>Analyse der Position:<\/strong> Die f\u00fcr jede Position erforderlichen Kompetenzen und Verantwortlichkeiten werden ermittelt.<\/li><li data-sourcepos=\"35:1-35:90\"><strong>Marktforschung:<\/strong> Die Geh\u00e4lter, die f\u00fcr \u00e4hnliche Positionen in der Branche gezahlt werden, werden recherchiert.<\/li><li data-sourcepos=\"36:1-36:93\"><strong>Interne Fairness:<\/strong> Die Lohngleichheit zwischen verschiedenen Positionen innerhalb des Unternehmens ist gew\u00e4hrleistet.<\/li><li data-sourcepos=\"37:1-37:127\"><strong>Individuelle Bewertung:<\/strong> Bei der Festlegung des Gehalts eines jeden Mitarbeiters werden seine Leistung, sein Dienstalter und andere Faktoren ber\u00fccksichtigt.<\/li><li data-sourcepos=\"38:1-38:43\"><strong>Entscheidungsfindung:<\/strong> Gehaltsentscheidungen werden von der Personalabteilung und den zust\u00e4ndigen Managern getroffen.<\/li><\/ol><p data-sourcepos=\"40:1-40:182\">Als Y\u0131ld\u0131z Polietilen f\u00fchren wir ein faires und transparentes Verg\u00fctungssystem ein, um sicherzustellen, dass unsere Mitarbeiter f\u00fcr den Wert, den sie verdienen, anerkannt werden und ihre Motivation hoch bleibt.<\/p>\t\t\t\t\t\t\t\t<\/div>\n\t\t\t\t<\/div>\n\t\t\t\t<\/div>\n\t\t<div class=\"elementor-element elementor-element-d87c099 e-con-full e-flex e-con e-child\" data-id=\"d87c099\" data-element_type=\"container\">\n\t\t\t\t<\/div>\n\t\t\t\t\t<\/div>\n\t\t\t\t<\/div>\n\t\t\t\t<section class=\"elementor-section elementor-top-section elementor-element elementor-element-28c114cb elementor-section-full_width elementor-section-height-default elementor-section-height-default\" data-id=\"28c114cb\" data-element_type=\"section\" id=\"blog\" data-settings=\"{&quot;background_background&quot;:&quot;classic&quot;}\">\n\t\t\t\t\t\t<div class=\"elementor-container elementor-column-gap-no\">\n\t\t\t\t\t<div class=\"elementor-column elementor-col-100 elementor-top-column elementor-element elementor-element-54e5e1e6\" data-id=\"54e5e1e6\" data-element_type=\"column\">\n\t\t\t<div class=\"elementor-widget-wrap\">\n\t\t\t\t\t\t\t<\/div>\n\t\t<\/div>\n\t\t\t\t\t<\/div>\n\t\t<\/section>\n\t\t\t\t<section class=\"elementor-section elementor-top-section elementor-element elementor-element-dfeedd2 elementor-section-boxed elementor-section-height-default elementor-section-height-default\" data-id=\"dfeedd2\" data-element_type=\"section\">\n\t\t\t\t\t\t<div class=\"elementor-container elementor-column-gap-default\">\n\t\t\t\t\t<div class=\"elementor-column elementor-col-100 elementor-top-column elementor-element elementor-element-215fe6b\" data-id=\"215fe6b\" data-element_type=\"column\">\n\t\t\t<div class=\"elementor-widget-wrap elementor-element-populated\">\n\t\t\t\t\t\t<div class=\"elementor-element elementor-element-35d1cd0 elementor-widget elementor-widget-spacer\" data-id=\"35d1cd0\" data-element_type=\"widget\" data-widget_type=\"spacer.default\">\n\t\t\t\t<div class=\"elementor-widget-container\">\n\t\t\t\t\t\t\t<div class=\"elementor-spacer\">\n\t\t\t<div class=\"elementor-spacer-inner\"><\/div>\n\t\t<\/div>\n\t\t\t\t\t\t<\/div>\n\t\t\t\t<\/div>\n\t\t\t\t\t<\/div>\n\t\t<\/div>\n\t\t\t\t\t<\/div>\n\t\t<\/section>\n\t\t\t\t<\/div>\n\t\t","protected":false},"excerpt":{"rendered":"<p>Y\u0131ld\u0131z Polietilen \u00dccret Y\u00f6netimi Y\u0131ld\u0131z Polietilen olarak, adil ve rekabet\u00e7i bir \u00fccretlendirme sistemiyle \u00e7al\u0131\u015fanlar\u0131m\u0131z\u0131n motivasyonunu ve memnuniyetini art\u0131rmay\u0131 hedefliyoruz. Lohnmanagement Wir f\u00fchren ein faires und transparentes Verg\u00fctungssystem ein, um sicherzustellen, dass unsere Mitarbeiter f\u00fcr ihre Bem\u00fchungen bestm\u00f6glich entlohnt werden und ihre Motivation hoch bleibt. Unsere Verg\u00fctungspolitik basiert auf der Leistung unserer Mitarbeiter, ihrer Betriebszugeh\u00f6rigkeit, der&#8230;<\/p>\n","protected":false},"author":1,"featured_media":0,"parent":0,"menu_order":0,"comment_status":"closed","ping_status":"closed","template":"template-builder.php","meta":{"pgc_sgb_lightbox_settings":"","footnotes":""},"class_list":["post-10384","page","type-page","status-publish","hentry"],"_links":{"self":[{"href":"https:\/\/www.yildizpolietilen.com\/de\/wp-json\/wp\/v2\/pages\/10384","targetHints":{"allow":["GET"]}}],"collection":[{"href":"https:\/\/www.yildizpolietilen.com\/de\/wp-json\/wp\/v2\/pages"}],"about":[{"href":"https:\/\/www.yildizpolietilen.com\/de\/wp-json\/wp\/v2\/types\/page"}],"author":[{"embeddable":true,"href":"https:\/\/www.yildizpolietilen.com\/de\/wp-json\/wp\/v2\/users\/1"}],"replies":[{"embeddable":true,"href":"https:\/\/www.yildizpolietilen.com\/de\/wp-json\/wp\/v2\/comments?post=10384"}],"version-history":[{"count":3,"href":"https:\/\/www.yildizpolietilen.com\/de\/wp-json\/wp\/v2\/pages\/10384\/revisions"}],"predecessor-version":[{"id":19531,"href":"https:\/\/www.yildizpolietilen.com\/de\/wp-json\/wp\/v2\/pages\/10384\/revisions\/19531"}],"wp:attachment":[{"href":"https:\/\/www.yildizpolietilen.com\/de\/wp-json\/wp\/v2\/media?parent=10384"}],"curies":[{"name":"wp","href":"https:\/\/api.w.org\/{rel}","templated":true}]}}