{"id":10373,"date":"2023-10-30T03:43:24","date_gmt":"2023-10-30T00:43:24","guid":{"rendered":"https:\/\/yildizpolietilen.com\/tarihce\/"},"modified":"2025-06-24T15:08:10","modified_gmt":"2025-06-24T12:08:10","slug":"tarihce","status":"publish","type":"page","link":"https:\/\/www.yildizpolietilen.com\/de\/tarihce\/","title":{"rendered":"Geschichte"},"content":{"rendered":"\t\t<div data-elementor-type=\"wp-page\" data-elementor-id=\"10373\" class=\"elementor elementor-10373 elementor-10371\" data-elementor-post-type=\"page\">\n\t\t\t\t\t\t<section class=\"elementor-section elementor-top-section elementor-element elementor-element-761401f9 elementor-section-full_width elementor-section-height-default elementor-section-height-default\" data-id=\"761401f9\" data-element_type=\"section\">\n\t\t\t\t\t\t<div class=\"elementor-container elementor-column-gap-no\">\n\t\t\t\t\t<div class=\"elementor-column elementor-col-100 elementor-top-column elementor-element elementor-element-46f5b957\" data-id=\"46f5b957\" data-element_type=\"column\">\n\t\t\t<div class=\"elementor-widget-wrap elementor-element-populated\">\n\t\t\t\t\r\n\t\t<div class=\"elementor-element elementor-element-2d11b86c elementor-widget elementor-widget-drillerbanner2\" data-id=\"2d11b86c\" data-element_type=\"widget\" data-settings=\"{&quot;ekit_we_effect_on&quot;:&quot;none&quot;}\" data-widget_type=\"drillerbanner2.default\">\n\t\t\t\t<div class=\"elementor-widget-container\">\n\t\t\t\t\t<div class=\"th-hero-wrapper hero-12\"><div class=\"hero-slider-12 th-carousel\" id=\"heroSlide12\" data-slide-show=\"1\" data-md-slide-show=\"1\" data-fade=\"true\"><div class=\"th-hero-slide\"><div class=\"th-hero-bg\" data-bg-src=\"https:\/\/themeholy.com\/wordpress\/konta\/wp-content\/uploads\/2023\/10\/hero_bg_6_2.jpg\"><img decoding=\"async\" src=\"https:\/\/www.yildizpolietilen.com\/wp-content\/plugins\/konta-core\/assets\/img\/hero_overlay_6.png\" alt=\"Hero Image\"><\/div><div class=\"container\"><div class=\"hero-style12\"><div class=\"hero-meta\" data-ani=\"slideindown\" data-ani-delay=\"0.5s\"><span>Y\u0131ld\u0131z Polietilen<\/span>\n<\/div><h1 class=\"hero-title text-white\" data-ani=\"slideindown\" data-ani-delay=\"0.4s\">Tarih\u00e7e<\/h1><p class=\"hero-text text-white\" data-ani=\"slideinup\" data-ani-delay=\"0.1s\">Y\u0131ld\u0131z Polietilen&#039;in Hikayesi<\/p><div class=\"btn-group\" data-ani=\"slideinup\" data-ani-delay=\"0.5s\"><\/div><\/div><\/div><\/div><\/div><div class=\"icon-box\"><button data-slick-prev=\"#heroSlide6\" class=\"slick-arrow default\"><i class=\"far fa-chevron-left\"><\/i><\/button><button data-slick-next=\"#heroSlide6\" class=\"slick-arrow default\"><i class=\"far fa-chevron-right\"><\/i><\/button><\/div><\/div>\t\t\t\t<\/div>\n\t\t\t\t<\/div>\n\t\t\t\t\t<\/div>\n\t\t<\/div>\n\t\t\t\t\t<\/div>\n\t\t<\/section>\n\t\t\t\t<section class=\"elementor-section elementor-top-section elementor-element elementor-element-31218353 elementor-section-boxed elementor-section-height-default elementor-section-height-default\" data-id=\"31218353\" data-element_type=\"section\" data-settings=\"{&quot;background_background&quot;:&quot;classic&quot;}\">\n\t\t\t\t\t\t\t<div class=\"elementor-background-overlay\"><\/div>\n\t\t\t\t\t\t\t<div class=\"elementor-container elementor-column-gap-no\">\n\t\t\t\t\t<div class=\"elementor-column elementor-col-100 elementor-top-column elementor-element elementor-element-661f1517\" data-id=\"661f1517\" data-element_type=\"column\">\n\t\t\t<div class=\"elementor-widget-wrap elementor-element-populated\">\n\t\t\t\t\t\t<section class=\"elementor-section elementor-inner-section elementor-element elementor-element-1a957923 elementor-section-boxed elementor-section-height-default elementor-section-height-default\" data-id=\"1a957923\" data-element_type=\"section\">\n\t\t\t\t\t\t<div class=\"elementor-container elementor-column-gap-no\">\n\t\t\t\t\t<div class=\"elementor-column elementor-col-50 elementor-inner-column elementor-element elementor-element-3aba235c\" data-id=\"3aba235c\" data-element_type=\"column\">\n\t\t\t<div class=\"elementor-widget-wrap elementor-element-populated\">\n\t\t\t\t\t\t<div class=\"elementor-element elementor-element-385e80ec elementor-widget elementor-widget-drillersectiontitle\" data-id=\"385e80ec\" data-element_type=\"widget\" data-settings=\"{&quot;ekit_we_effect_on&quot;:&quot;none&quot;}\" data-widget_type=\"drillersectiontitle.default\">\n\t\t\t\t<div class=\"elementor-widget-container\">\n\t\t\t\t\t<div class=\"title-area\" ><span class=\"sub-title6 title-selector justify-content-center\"><span class=\"shape left\"><span class=\"dots\"><\/span><\/span>Y\u0131ld\u0131z Polietilen<span class=\"shape right\"><span class=\"dots\"><\/span><\/span><\/span><h2 class=\"sec-title subtitle-selector\">Tarih\u00e7e<\/h2><\/div>\t\t\t\t<\/div>\n\t\t\t\t<\/div>\n\t\t\t\t\t<\/div>\n\t\t<\/div>\n\t\t\t\t<div class=\"elementor-column elementor-col-50 elementor-inner-column elementor-element elementor-element-184254c0\" data-id=\"184254c0\" data-element_type=\"column\">\n\t\t\t<div class=\"elementor-widget-wrap\">\n\t\t\t\t\t\t\t<\/div>\n\t\t<\/div>\n\t\t\t\t\t<\/div>\n\t\t<\/section>\n\t\t\t\t<section class=\"elementor-section elementor-inner-section elementor-element elementor-element-48d3875e elementor-section-boxed elementor-section-height-default elementor-section-height-default\" data-id=\"48d3875e\" data-element_type=\"section\">\n\t\t\t\t\t\t<div class=\"elementor-container elementor-column-gap-no\">\n\t\t\t\t\t<div class=\"elementor-column elementor-col-100 elementor-inner-column elementor-element elementor-element-3972f622\" data-id=\"3972f622\" data-element_type=\"column\">\n\t\t\t<div class=\"elementor-widget-wrap elementor-element-populated\">\n\t\t\t\t\t\t<div class=\"elementor-element elementor-element-7a23088f elementor-widget elementor-widget-drillerservice\" data-id=\"7a23088f\" data-element_type=\"widget\" data-settings=\"{&quot;ekit_we_effect_on&quot;:&quot;none&quot;}\" data-widget_type=\"drillerservice.default\">\n\t\t\t\t<div class=\"elementor-widget-container\">\n\t\t\t\t\t<div class=\"row align-items-center\"><div class=\"col-xl-8\"><div class=\"row def_custom-carousel_1\" id=\"serviceGridSlider\"><div class=\"col-md-6 col-lg-4 col-xl-3\"><div class=\"service-grid\"><div class=\"service-grid_img\"><img decoding=\"async\" src=\"https:\/\/themeholy.com\/wordpress\/konta\/wp-content\/uploads\/2023\/10\/service_2_1.png\" alt=\"service_2_1\"  \/><\/div><div class=\"service-grid_content\"><div class=\"service-grid_icon\"><img decoding=\"async\" src=\"https:\/\/themeholy.com\/wordpress\/konta\/wp-content\/uploads\/2023\/10\/service_1_1-1.svg\" alt=\"service_1_1 1\"  \/><\/div><div class=\"service-grid_icon-overlay\"><img decoding=\"async\" src=\"https:\/\/themeholy.com\/wordpress\/konta\/wp-content\/uploads\/2023\/10\/service_2_1.svg\" alt=\"service_2_1\"  \/><\/div><h3 class=\"service-grid_title\"><a href=\"\">Y\u0131ld\u0131z Polietilen\u2019in Hikayesi<\/a><\/h3><p class=\"service-grid_text\">Y\u0131ld\u0131z Polietilen olarak 2008 y\u0131l\u0131nda Ba\u015flayan yolculu\u011fumuzda yaln\u0131zca \u00fcr\u00fcnlerimiz ile de\u011fil m\u00fc\u015fterilerimize sundu\u011fumuz \u00e7\u00f6z\u00fcmlerle de sekt\u00f6rde yenilik olmay\u0131 hedefledik\u00a0<\/p><\/div><\/div><\/div><div class=\"col-md-6 col-lg-4 col-xl-3\"><div class=\"service-grid\"><div class=\"service-grid_img\"><img decoding=\"async\" src=\"https:\/\/themeholy.com\/wordpress\/konta\/wp-content\/uploads\/2023\/10\/service_2_2.jpg\" alt=\"service_2_2\"  \/><\/div><div class=\"service-grid_content\"><div class=\"service-grid_icon\"><img decoding=\"async\" src=\"https:\/\/themeholy.com\/wordpress\/konta\/wp-content\/uploads\/2023\/10\/service_1_2-1.svg\" alt=\"service_1_2 1\"  \/><\/div><div class=\"service-grid_icon-overlay\"><img decoding=\"async\" src=\"https:\/\/themeholy.com\/wordpress\/konta\/wp-content\/uploads\/2023\/10\/service_2_2.svg\" alt=\"service_2_2\"  \/><\/div><h3 class=\"service-grid_title\"><a href=\"\">Ba\u015far\u0131larla Dolu Ge\u00e7mi\u015fimiz<\/a><\/h3><p>lk y\u0131llar\u0131m\u0131zda k\u00fc\u00e7\u00fck bir \u00fcretim kapasitesiyle ba\u015flad\u0131k, ancak yenilik\u00e7i yakla\u015f\u0131m\u0131m\u0131z ve kaliteli \u00fcr\u00fcnlerimiz sayesinde h\u0131zla b\u00fcy\u00fcd\u00fck. Bug\u00fcn, modern tesislerimizde uluslararas\u0131 standartlarda \u00fcretim yap\u0131yoruz ve d\u00fcnyan\u0131n d\u00f6rt bir yan\u0131na ihracat ger\u00e7ekle\u015ftiriyoruz<\/p><\/div><\/div><\/div><div class=\"col-md-6 col-lg-4 col-xl-3\"><div class=\"service-grid\"><div class=\"service-grid_img\"><img decoding=\"async\" src=\"https:\/\/themeholy.com\/wordpress\/konta\/wp-content\/uploads\/2023\/10\/service_2_3.jpg\" alt=\"service_2_3\"  \/><\/div><div class=\"service-grid_content\"><div class=\"service-grid_icon\"><img decoding=\"async\" src=\"https:\/\/themeholy.com\/wordpress\/konta\/wp-content\/uploads\/2023\/10\/service_1_2-1.svg\" alt=\"service_1_2 1\"  \/><\/div><div class=\"service-grid_icon-overlay\"><img decoding=\"async\" src=\"https:\/\/themeholy.com\/wordpress\/konta\/wp-content\/uploads\/2023\/10\/service_2_2.svg\" alt=\"service_2_2\"  \/><\/div><h3 class=\"service-grid_title\"><a href=\"\">Y\u0131ld\u0131z Polietilen: Kurulu\u015fumuzdan Bug\u00fcne<\/a><\/h3><p>Kurulu\u015fumuzdan bu yana ge\u00e7en s\u00fcre zarf\u0131nda, bir\u00e7ok \u00f6nemli projeye imza att\u0131k. M\u00fc\u015fteri odakl\u0131 \u00e7\u00f6z\u00fcmlerimiz ve s\u00fcrd\u00fcr\u00fclebilir \u00fcretim y\u00f6ntemlerimizle sekt\u00f6r\u00fcm\u00fczde \u00f6nc\u00fc konumday\u0131z.<\/p><\/div><\/div><\/div><div class=\"col-md-6 col-lg-4 col-xl-3\"><div class=\"service-grid\"><div class=\"service-grid_img\"><img decoding=\"async\" src=\"https:\/\/themeholy.com\/wordpress\/konta\/wp-content\/uploads\/2023\/10\/service_2_4.jpg\" alt=\"service_2_4\"  \/><\/div><div class=\"service-grid_content\"><div class=\"service-grid_icon\"><img decoding=\"async\" src=\"https:\/\/themeholy.com\/wordpress\/konta\/wp-content\/uploads\/2023\/10\/service_1_3-1.svg\" alt=\"service_1_3 1\"  \/><\/div><div class=\"service-grid_icon-overlay\"><img decoding=\"async\" src=\"https:\/\/themeholy.com\/wordpress\/konta\/wp-content\/uploads\/2023\/10\/service_2_3.svg\" alt=\"service_2_3\"  \/><\/div><h3 class=\"service-grid_title\"><a href=\"https:\/\/themeholy.com\/wordpress\/konta\/service-details\/\" target=\"_blank\" rel=\"noopener\">Ge\u00e7mi\u015ften Gelece\u011fe Y\u0131ld\u0131z Polietilen<\/a><\/h3><p>Ge\u00e7mi\u015ften g\u00fcn\u00fcm\u00fcze, m\u00fc\u015fteri memnuniyetini ve kaliteli \u00fcretimi merkezimize koyduk. Gelecekte de ayn\u0131 de\u011ferlerle, sekt\u00f6rdeki liderli\u011fimizi s\u00fcrd\u00fcrmeyi hedefliyoruz.<\/p><a href=\"https:\/\/themeholy.com\/wordpress\/konta\/service-details\/\" class=\"th-btn\" target=\"_blank\" rel=\"noopener\">View Details<i class=\"fas fa-arrow-right ms-2\"><\/i><\/a><\/div><\/div><\/div><\/div><\/div><div class=\"col-xl-4\"><div class=\"service-thumb-wrap\"><button data-slick-prev=\"#serviceSlideThumb\" class=\"arrow-btn prev\"><i class=\"far fa-arrow-up\"><\/i><\/button><div class=\"def_custom-carousel\" id=\"serviceSlideThumb\"><div><div class=\"service-thumb\"><div class=\"service-thumb_img\"><img decoding=\"async\" src=\"https:\/\/themeholy.com\/wordpress\/konta\/wp-content\/uploads\/2023\/10\/service_2_1.png\" alt=\"service_2_1\"  width=\"70px\" height=\"70px\" \/><\/div><h3 class=\"service-thumb_title\">Y\u0131ld\u0131z Polietilen\u2019in Hikayesi<\/h3><\/div><\/div><div><div class=\"service-thumb\"><div class=\"service-thumb_img\"><img decoding=\"async\" src=\"https:\/\/themeholy.com\/wordpress\/konta\/wp-content\/uploads\/2023\/10\/service_2_2.jpg\" alt=\"service_2_2\"  width=\"70px\" height=\"70px\" \/><\/div><h3 class=\"service-thumb_title\">Ba\u015far\u0131larla Dolu Ge\u00e7mi\u015fimiz<\/h3><\/div><\/div><div><div class=\"service-thumb\"><div class=\"service-thumb_img\"><img decoding=\"async\" src=\"https:\/\/themeholy.com\/wordpress\/konta\/wp-content\/uploads\/2023\/10\/service_2_3.jpg\" alt=\"service_2_3\"  width=\"70px\" height=\"70px\" \/><\/div><h3 class=\"service-thumb_title\">Y\u0131ld\u0131z Polietilen: Kurulu\u015fumuzdan Bug\u00fcne<\/h3><\/div><\/div><div><div class=\"service-thumb\"><div class=\"service-thumb_img\"><img decoding=\"async\" src=\"https:\/\/themeholy.com\/wordpress\/konta\/wp-content\/uploads\/2023\/10\/service_2_4.jpg\" alt=\"service_2_4\"  width=\"70px\" height=\"70px\" \/><\/div><h3 class=\"service-thumb_title\">Ge\u00e7mi\u015ften Gelece\u011fe Y\u0131ld\u0131z Polietilen<\/h3><\/div><\/div><\/div><button data-slick-next=\"#serviceSlideThumb\" class=\"arrow-btn next\"><i class=\"far fa-arrow-down\"><\/i><\/button><\/div><\/div><\/div>\t\t\t\t<\/div>\n\t\t\t\t<\/div>\n\t\t\t\t\t<\/div>\n\t\t<\/div>\n\t\t\t\t\t<\/div>\n\t\t<\/section>\n\t\t\t\t\t<\/div>\n\t\t<\/div>\n\t\t\t\t\t<\/div>\n\t\t<\/section>\n\t\t\t\t<section class=\"elementor-section elementor-top-section elementor-element elementor-element-5f97135c elementor-section-boxed elementor-section-height-default elementor-section-height-default\" data-id=\"5f97135c\" data-element_type=\"section\" data-settings=\"{&quot;background_background&quot;:&quot;classic&quot;}\">\n\t\t\t\t\t\t<div class=\"elementor-container elementor-column-gap-no\">\n\t\t\t\t\t<div class=\"elementor-column elementor-col-100 elementor-top-column elementor-element elementor-element-51dd2348\" data-id=\"51dd2348\" data-element_type=\"column\">\n\t\t\t<div class=\"elementor-widget-wrap elementor-element-populated\">\n\t\t\t\t\t\t<section class=\"elementor-section elementor-inner-section elementor-element elementor-element-4ecb6bbe elementor-section-full_width elementor-section-height-default elementor-section-height-default\" data-id=\"4ecb6bbe\" data-element_type=\"section\">\n\t\t\t\t\t\t<div class=\"elementor-container elementor-column-gap-no\">\n\t\t\t\t\t<div class=\"elementor-column elementor-col-100 elementor-inner-column elementor-element elementor-element-4a8f583f\" data-id=\"4a8f583f\" data-element_type=\"column\">\n\t\t\t<div class=\"elementor-widget-wrap elementor-element-populated\">\n\t\t\t\t\t\t<div class=\"elementor-element elementor-element-2e7027d4 elementor-widget elementor-widget-drillersectiontitle\" data-id=\"2e7027d4\" data-element_type=\"widget\" data-settings=\"{&quot;ekit_we_effect_on&quot;:&quot;none&quot;}\" data-widget_type=\"drillersectiontitle.default\">\n\t\t\t\t<div class=\"elementor-widget-container\">\n\t\t\t\t\t<div class=\"title-area\" ><span class=\"sub-title6 title-selector justify-content-center\"><span class=\"shape left\"><span class=\"dots\"><\/span><\/span>G\u00fcncel<span class=\"shape right\"><span class=\"dots\"><\/span><\/span><\/span><h2 class=\"sec-title subtitle-selector\">G\u00fcncel Geli\u015fmeler<\/h2><\/div>\t\t\t\t<\/div>\n\t\t\t\t<\/div>\n\t\t\t\t\t<\/div>\n\t\t<\/div>\n\t\t\t\t\t<\/div>\n\t\t<\/section>\n\t\t\t\t<section class=\"elementor-section elementor-inner-section elementor-element elementor-element-57d587f8 elementor-section-full_width elementor-section-height-default elementor-section-height-default\" data-id=\"57d587f8\" data-element_type=\"section\">\n\t\t\t\t\t\t<div class=\"elementor-container elementor-column-gap-no\">\n\t\t\t\t\t<div class=\"elementor-column elementor-col-100 elementor-inner-column elementor-element elementor-element-3abaac46\" data-id=\"3abaac46\" data-element_type=\"column\">\n\t\t\t<div class=\"elementor-widget-wrap elementor-element-populated\">\n\t\t\t\t\t\t<div class=\"elementor-element elementor-element-17a85562 elementor-widget elementor-widget-drillerblogpost\" data-id=\"17a85562\" data-element_type=\"widget\" data-settings=\"{&quot;ekit_we_effect_on&quot;:&quot;none&quot;}\" data-widget_type=\"drillerblogpost.default\">\n\t\t\t\t<div class=\"elementor-widget-container\">\n\t\t\t\t\t<div class=\"row blog_slider1 slider-shadow\"><div class=\"col-md-6 col-xl-4\"><div class=\"blog-card\"><div class=\"blog-img\"><img fetchpriority=\"high\" decoding=\"async\" width=\"391\" height=\"220\" src=\"https:\/\/www.yildizpolietilen.com\/wp-content\/uploads\/2025\/06\/Moskova-Fuari-4-391x220.jpg\" class=\"attachment-Konta_391X220 size-Konta_391X220 wp-post-image\" alt=\"AQUA THERM MOSCOW 2025 FUARINDAYDIK!\" \/><\/div><div class=\"blog-content\"><div class=\"blog-meta\"><a class=\"author\" href=\"https:\/\/www.yildizpolietilen.com\/de\/author\/kadir2002\/\"><img decoding=\"async\" src=\"https:\/\/secure.gravatar.com\/avatar\/eb772bb82921f9a2228e4c119de63f5667c7cdfe6c4aa97be74e5e7ca45de751?s=96&#038;d=mm&#038;r=g\" alt=\"eb772bb82921f9a2228e4c119de63f5667c7cdfe6c4aa97be74e5e7ca45de751?s=96&#038;d=mm&#038;r=g\"  width=\"30\" height=\"30\" \/>Y\u0131ld\u0131z Polietilen<\/a><a href=\"https:\/\/www.yildizpolietilen.com\/de\/2025\/06\/20\/\"><i class=\"fal fa-calendar-days\"><\/i>20 Jun, 2025<\/a><\/div><h3 class=\"blog-title\"><a href=\"https:\/\/www.yildizpolietilen.com\/de\/2025\/06\/20\/wir-waren-auf-der-messe-aqua-therm-moscow-2025\/\">WIR WAREN IM AQUA THERM<\/a><\/h3><p class=\"blog-text\">Als Y\u0131ld\u0131z Polyethylene haben wir an der Aqua Therm Moscow 2025, einer<\/p><a href=\"https:\/\/www.yildizpolietilen.com\/de\/2025\/06\/20\/wir-waren-auf-der-messe-aqua-therm-moscow-2025\/\" class=\"link-btn style3\">Read More<i class=\"fas fa-arrow-right\"><\/i><\/a><\/div><\/div><\/div><div class=\"col-md-6 col-xl-4\"><div class=\"blog-card\"><div class=\"blog-img\"><img decoding=\"async\" width=\"391\" height=\"220\" src=\"https:\/\/www.yildizpolietilen.com\/wp-content\/uploads\/2025\/06\/IMG_7954-391x220.jpeg\" class=\"attachment-Konta_391X220 size-Konta_391X220 wp-post-image\" alt=\"MCE \u0130TALYA 2024 FUARINDAYDIK!\" \/><\/div><div class=\"blog-content\"><div class=\"blog-meta\"><a class=\"author\" href=\"https:\/\/www.yildizpolietilen.com\/de\/author\/kadir2002\/\"><img decoding=\"async\" src=\"https:\/\/secure.gravatar.com\/avatar\/eb772bb82921f9a2228e4c119de63f5667c7cdfe6c4aa97be74e5e7ca45de751?s=96&#038;d=mm&#038;r=g\" alt=\"eb772bb82921f9a2228e4c119de63f5667c7cdfe6c4aa97be74e5e7ca45de751?s=96&#038;d=mm&#038;r=g\"  width=\"30\" height=\"30\" \/>Y\u0131ld\u0131z Polietilen<\/a><a href=\"https:\/\/www.yildizpolietilen.com\/de\/2025\/06\/20\/\"><i class=\"fal fa-calendar-days\"><\/i>20 Jun, 2025<\/a><\/div><h3 class=\"blog-title\"><a href=\"https:\/\/www.yildizpolietilen.com\/de\/2025\/06\/20\/wir-waren-auf-der-messe-mce-italy-2024\/\">WIR WAREN AUF DER MESSE<\/a><\/h3><p class=\"blog-text\">Als Y\u0131ld\u0131z Polyethylene haben wir an der MCE - Mostra Convegno Expocomfort<\/p><a href=\"https:\/\/www.yildizpolietilen.com\/de\/2025\/06\/20\/wir-waren-auf-der-messe-mce-italy-2024\/\" class=\"link-btn style3\">Read More<i class=\"fas fa-arrow-right\"><\/i><\/a><\/div><\/div><\/div><div class=\"col-md-6 col-xl-4\"><div class=\"blog-card\"><div class=\"blog-img\"><img loading=\"lazy\" decoding=\"async\" width=\"391\" height=\"220\" src=\"https:\/\/www.yildizpolietilen.com\/wp-content\/uploads\/2025\/06\/WhatsApp-Image-2024-12-09-at-15.49.34-391x220.jpeg\" class=\"attachment-Konta_391X220 size-Konta_391X220 wp-post-image\" alt=\"\" \/><\/div><div class=\"blog-content\"><div class=\"blog-meta\"><a class=\"author\" href=\"https:\/\/www.yildizpolietilen.com\/de\/author\/kadir2002\/\"><img decoding=\"async\" src=\"https:\/\/secure.gravatar.com\/avatar\/eb772bb82921f9a2228e4c119de63f5667c7cdfe6c4aa97be74e5e7ca45de751?s=96&#038;d=mm&#038;r=g\" alt=\"eb772bb82921f9a2228e4c119de63f5667c7cdfe6c4aa97be74e5e7ca45de751?s=96&#038;d=mm&#038;r=g\"  width=\"30\" height=\"30\" \/>Y\u0131ld\u0131z Polietilen<\/a><a href=\"https:\/\/www.yildizpolietilen.com\/de\/2025\/06\/20\/\"><i class=\"fal fa-calendar-days\"><\/i>20 Jun, 2025<\/a><\/div><h3 class=\"blog-title\"><a href=\"https:\/\/www.yildizpolietilen.com\/de\/2025\/06\/20\/wir-waren-auf-der-big-5-dubai-2024-messe\/\">WIR WAREN BEIM BIG 5<\/a><\/h3><p class=\"blog-text\">Als Y\u0131ld\u0131z Polyethylene haben wir an der Ausstellung Big 5 Global Dubai<\/p><a href=\"https:\/\/www.yildizpolietilen.com\/de\/2025\/06\/20\/wir-waren-auf-der-big-5-dubai-2024-messe\/\" class=\"link-btn style3\">Read More<i class=\"fas fa-arrow-right\"><\/i><\/a><\/div><\/div><\/div><div class=\"col-md-6 col-xl-4\"><div class=\"blog-card\"><div class=\"blog-img\"><img loading=\"lazy\" decoding=\"async\" width=\"391\" height=\"220\" src=\"https:\/\/www.yildizpolietilen.com\/wp-content\/uploads\/2024\/11\/WhatsApp-Image-2024-11-13-at-3.32.57-PM-391x220.jpeg\" class=\"attachment-Konta_391X220 size-Konta_391X220 wp-post-image\" alt=\"\" \/><\/div><div class=\"blog-content\"><div class=\"blog-meta\"><a class=\"author\" href=\"https:\/\/www.yildizpolietilen.com\/de\/author\/admin\/\"><img loading=\"lazy\" decoding=\"async\" src=\"https:\/\/secure.gravatar.com\/avatar\/71bc64332308f36dd803bc040216a6e4b2b13ea9c07d56a5be7b668fedcd6290?s=96&#038;d=mm&#038;r=g\" alt=\"71bc64332308f36dd803bc040216a6e4b2b13ea9c07d56a5be7b668fedcd6290?s=96&#038;d=mm&#038;r=g\"  width=\"30\" height=\"30\" \/>Admin<\/a><a href=\"https:\/\/www.yildizpolietilen.com\/de\/2021\/09\/12\/\"><i class=\"fal fa-calendar-days\"><\/i>12 Sep, 2021<\/a><\/div><h3 class=\"blog-title\"><a href=\"https:\/\/www.yildizpolietilen.com\/de\/2021\/09\/12\/the-big-5-show-2021-uae\/\">DIE GROSSE 5-SHOW 2021 &#8211;<\/a><\/h3><p class=\"blog-text\">THE BIG 5 SHOW 2021 - BAE \u015eirketimiz, 12-15 Eyl\u00fcl 2021 tarihleri<\/p><a href=\"https:\/\/www.yildizpolietilen.com\/de\/2021\/09\/12\/the-big-5-show-2021-uae\/\" class=\"link-btn style3\">Read More<i class=\"fas fa-arrow-right\"><\/i><\/a><\/div><\/div><\/div><\/div>\t\t\t\t<\/div>\n\t\t\t\t<\/div>\n\t\t\t\t\t<\/div>\n\t\t<\/div>\n\t\t\t\t\t<\/div>\n\t\t<\/section>\n\t\t\t\t\t<\/div>\n\t\t<\/div>\n\t\t\t\t\t<\/div>\n\t\t<\/section>\n\t\t\t\t<\/div>\n\t\t","protected":false},"excerpt":{"rendered":"<p>Y\u0131ld\u0131z Polietilen Tarih\u00e7e Y\u0131ld\u0131z Polietilen&#8217;in Hikayesi Y\u0131ld\u0131z Polietilen Tarih\u00e7e Y\u0131ld\u0131z Polietilen\u2019in Hikayesi Y\u0131ld\u0131z Polietilen olarak 2008 y\u0131l\u0131nda Ba\u015flayan yolculu\u011fumuzda yaln\u0131zca \u00fcr\u00fcnlerimiz ile de\u011fil m\u00fc\u015fterilerimize sundu\u011fumuz \u00e7\u00f6z\u00fcmlerle de sekt\u00f6rde yenilik olmay\u0131 hedefledik Ba\u015far\u0131larla Dolu Ge\u00e7mi\u015fimiz lk y\u0131llar\u0131m\u0131zda k\u00fc\u00e7\u00fck bir \u00fcretim kapasitesiyle ba\u015flad\u0131k, ancak yenilik\u00e7i yakla\u015f\u0131m\u0131m\u0131z ve kaliteli \u00fcr\u00fcnlerimiz sayesinde h\u0131zla b\u00fcy\u00fcd\u00fck. Bug\u00fcn, modern tesislerimizde uluslararas\u0131 standartlarda&#8230;<\/p>\n","protected":false},"author":1,"featured_media":0,"parent":0,"menu_order":0,"comment_status":"closed","ping_status":"closed","template":"template-builder.php","meta":{"pgc_sgb_lightbox_settings":"","footnotes":""},"class_list":["post-10373","page","type-page","status-publish","hentry","th-blog blog-single has-post-thumbnail"],"_links":{"self":[{"href":"https:\/\/www.yildizpolietilen.com\/de\/wp-json\/wp\/v2\/pages\/10373","targetHints":{"allow":["GET"]}}],"collection":[{"href":"https:\/\/www.yildizpolietilen.com\/de\/wp-json\/wp\/v2\/pages"}],"about":[{"href":"https:\/\/www.yildizpolietilen.com\/de\/wp-json\/wp\/v2\/types\/page"}],"author":[{"embeddable":true,"href":"https:\/\/www.yildizpolietilen.com\/de\/wp-json\/wp\/v2\/users\/1"}],"replies":[{"embeddable":true,"href":"https:\/\/www.yildizpolietilen.com\/de\/wp-json\/wp\/v2\/comments?post=10373"}],"version-history":[{"count":1,"href":"https:\/\/www.yildizpolietilen.com\/de\/wp-json\/wp\/v2\/pages\/10373\/revisions"}],"predecessor-version":[{"id":18806,"href":"https:\/\/www.yildizpolietilen.com\/de\/wp-json\/wp\/v2\/pages\/10373\/revisions\/18806"}],"wp:attachment":[{"href":"https:\/\/www.yildizpolietilen.com\/de\/wp-json\/wp\/v2\/media?parent=10373"}],"curies":[{"name":"wp","href":"https:\/\/api.w.org\/{rel}","templated":true}]}}