{"id":10302,"date":"2024-07-25T09:46:48","date_gmt":"2024-07-25T06:46:48","guid":{"rendered":"https:\/\/yildizpolietilen.com\/kurucu-baskan\/"},"modified":"2025-06-24T15:08:34","modified_gmt":"2025-06-24T12:08:34","slug":"kurucu-baskan","status":"publish","type":"page","link":"https:\/\/www.yildizpolietilen.com\/de\/kurucu-baskan\/","title":{"rendered":"Gr\u00fcndungspr\u00e4sident"},"content":{"rendered":"\t\t<div data-elementor-type=\"wp-page\" data-elementor-id=\"10302\" class=\"elementor elementor-10302 elementor-10300\" data-elementor-post-type=\"page\">\n\t\t\t\t<div class=\"elementor-element elementor-element-c51a69c e-flex e-con-boxed e-con e-parent\" data-id=\"c51a69c\" data-element_type=\"container\">\n\t\t\t\t\t<div class=\"e-con-inner\">\n\t\t\r\n\t\t<div class=\"elementor-element elementor-element-5a11668c elementor-widget elementor-widget-text-editor\" data-id=\"5a11668c\" data-element_type=\"widget\" data-widget_type=\"text-editor.default\">\n\t\t\t\t<div class=\"elementor-widget-container\">\n\t\t\t\t\t\t\t\t\t\n<blockquote class=\"wp-block-quote\">\n<p>Der Stern f\u00fchrt uns und wir f\u00fchren das Wasser.<\/p>\n<\/blockquote>\n\n<p> <\/p>\n\n<h2 class=\"wp-block-heading\">Abdulrezzak Y\u0131ld\u0131z<\/h2>\n\n<p> <\/p>\n\n<figure class=\"wp-block-image size-full is-resized\"><img decoding=\"async\" class=\"wp-image-4744\" style=\"width: 334px; height: auto;\" src=\"https:\/\/sysoly.xyz\/tema4\/wp-content\/uploads\/2024\/07\/ypofis.png\" alt=\"\"><\/figure>\n\n<p>15. Y\u0131l\u0131nda Y\u0131ld\u0131z Polietilen&#8217;i bug\u00fcnlere ula\u015ft\u0131ran 43 y\u0131ll\u0131k tecr\u00fcbenin miras\u0131 olarak,  <\/p>\n\n<p>Toplamda 25.000 m2 alan \u00fczerine in\u015fa edilmi\u015f 9.000 m2 kapal\u0131 alanl\u0131, 46 adet 200 gramdan 70 kilogram kapasiteye sahip Plastik enjeksiyon hatt\u0131 ile 630 mm. e kadar spigot ek par\u00e7a, 1.600 mm. e kadar Elektrofusion Man\u015fon &#8211; Elektrofusion ek par\u00e7a ve Servis Te imalat hatt\u0131, 2.500 mm i\u015fleme kapasitesine sahip \u00c7elik Flan\u015f hatt\u0131, 1.600 mm. e kadar her t\u00fcrl\u00fc \u00f6zel ve Konfeksiyon ek par\u00e7a imalat hatt\u0131, 2.000 m2 Depo &#8211; Sevkiyat alan\u0131 ve Uluslararas\u0131 Akredite laboratuvar\u0131 ile Ulusal ve uluslararas\u0131 kalite belgelerine sahip, T\u00fcrkiye&#8217;nin her noktas\u0131na, ba\u015fta Avrupa, Asya, Afrika, K\u00f6rfez \u00fclkeleri olmak \u00fczere 54 \u00fclkeye \u00fcr\u00fcn ve hizmet g\u00f6ndermekteyiz.<\/p>\n\t\t\t\t\t\t\t\t<\/div>\n\t\t\t\t<\/div>\n\t\t\t\t\t<\/div>\n\t\t\t\t<\/div>\n\t\t\t\t<\/div>\n\t\t","protected":false},"excerpt":{"rendered":"<p>Der Stern f\u00fchrt uns und wir f\u00fchren das Wasser. Abdulrezzak Y\u0131ld\u0131z 15. Y\u0131l\u0131nda Y\u0131ld\u0131z Polietilen&#8217;i bug\u00fcnlere ula\u015ft\u0131ran 43 y\u0131ll\u0131k tecr\u00fcbenin miras\u0131 olarak, Toplamda 25.000 m2 alan \u00fczerine in\u015fa edilmi\u015f 9.000 m2 kapal\u0131 alanl\u0131, 46 adet 200 gramdan 70 kilogram kapasiteye sahip Plastik enjeksiyon hatt\u0131 ile 630 mm. e kadar spigot ek par\u00e7a, 1.600 mm. e&#8230;<\/p>\n","protected":false},"author":1,"featured_media":0,"parent":0,"menu_order":0,"comment_status":"closed","ping_status":"closed","template":"","meta":{"pgc_sgb_lightbox_settings":"","footnotes":""},"class_list":["post-10302","page","type-page","status-publish","hentry"],"_links":{"self":[{"href":"https:\/\/www.yildizpolietilen.com\/de\/wp-json\/wp\/v2\/pages\/10302","targetHints":{"allow":["GET"]}}],"collection":[{"href":"https:\/\/www.yildizpolietilen.com\/de\/wp-json\/wp\/v2\/pages"}],"about":[{"href":"https:\/\/www.yildizpolietilen.com\/de\/wp-json\/wp\/v2\/types\/page"}],"author":[{"embeddable":true,"href":"https:\/\/www.yildizpolietilen.com\/de\/wp-json\/wp\/v2\/users\/1"}],"replies":[{"embeddable":true,"href":"https:\/\/www.yildizpolietilen.com\/de\/wp-json\/wp\/v2\/comments?post=10302"}],"version-history":[{"count":7,"href":"https:\/\/www.yildizpolietilen.com\/de\/wp-json\/wp\/v2\/pages\/10302\/revisions"}],"predecessor-version":[{"id":19519,"href":"https:\/\/www.yildizpolietilen.com\/de\/wp-json\/wp\/v2\/pages\/10302\/revisions\/19519"}],"wp:attachment":[{"href":"https:\/\/www.yildizpolietilen.com\/de\/wp-json\/wp\/v2\/media?parent=10302"}],"curies":[{"name":"wp","href":"https:\/\/api.w.org\/{rel}","templated":true}]}}