{"id":10277,"date":"2024-08-13T16:45:45","date_gmt":"2024-08-13T13:45:45","guid":{"rendered":"https:\/\/yildizpolietilen.com\/kariyer-yonetimi\/"},"modified":"2025-06-24T15:08:57","modified_gmt":"2025-06-24T12:08:57","slug":"karriere-management","status":"publish","type":"page","link":"https:\/\/www.yildizpolietilen.com\/de\/karriere-management\/","title":{"rendered":"Karriere Management"},"content":{"rendered":"\t\t<div data-elementor-type=\"wp-page\" data-elementor-id=\"10277\" class=\"elementor elementor-10277 elementor-10275\" data-elementor-post-type=\"page\">\n\t\t\t\t\t\t<section class=\"elementor-section elementor-top-section elementor-element elementor-element-6089c940 elementor-section-full_width elementor-section-height-default elementor-section-height-default\" data-id=\"6089c940\" data-element_type=\"section\">\n\t\t\t\t\t\t<div class=\"elementor-container elementor-column-gap-no\">\n\t\t\t\t\t<div class=\"elementor-column elementor-col-100 elementor-top-column elementor-element elementor-element-3e556b33\" data-id=\"3e556b33\" data-element_type=\"column\">\n\t\t\t<div class=\"elementor-widget-wrap elementor-element-populated\">\n\t\t\t\t\r\n\t\t<div class=\"elementor-element elementor-element-562a6dbd elementor-widget elementor-widget-kontabanner\" data-id=\"562a6dbd\" data-element_type=\"widget\" data-widget_type=\"kontabanner.default\">\n\t\t\t\t<div class=\"elementor-widget-container\">\n\t\t\t\t\t<div class=\"th-hero-wrapper hero-2\" id=\"hero\"><div class=\"hero-slider-2 th-carousel\" id=\"heroSlide6\" data-slide-show=\"1\" data-md-slide-show=\"1\" data-fade=\"true\"><div class=\"th-hero-slide\"><div class=\"th-hero-bg\" data-bg-src=\"https:\/\/yildizpolietilen.com\/wp-content\/uploads\/2024\/11\/pexels-photo-3184418.webp\"><img decoding=\"async\" src=\"https:\/\/themeholy.com\/wordpress\/konta\/wp-content\/uploads\/2023\/09\/hero_overlay_2.png\" alt=\"hero_overlay_2\"  \/><\/div><div class=\"big-text\" data-ani=\"slideindown\" data-ani-delay=\"0.2s\">Y\u0131ld\u0131z Polietilen<\/div><div class=\"container th-container\"><div class=\"hero-style2\"><h1 class=\"hero-title text-white\" data-ani=\"slideindown\" data-ani-delay=\"0.4s\">Kariyer<\/h1><h1 class=\"hero-title text-white\" data-ani=\"slideindown\" data-ani-delay=\"0.1s\"><span class=\"text-theme\"> Y\u00f6netimi <\/span><\/h1><p class=\"hero-text\" data-ani=\"slideinup\" data-ani-delay=\"0.1s\">Y\u0131ld\u0131z Polietilen olarak, \u00e7al\u0131\u015fanlar\u0131m\u0131z\u0131n kariyer hedeflerini destekleyerek uzun vadeli geli\u015fimlerine katk\u0131 sa\u011flamay\u0131 ama\u00e7l\u0131yoruz.<\/p><div class=\"btn-group\" data-ani=\"slideinup\" data-ani-delay=\"0.5s\"><\/div><\/div><\/div><\/div><\/div><div class=\"icon-box\"><button data-slick-prev=\"#heroSlide6\" class=\"slick-arrow default\"><i class=\"far fa-chevron-left\"><\/i><\/button><button data-slick-next=\"#heroSlide6\" class=\"slick-arrow default\"><i class=\"far fa-chevron-right\"><\/i><\/button><\/div><\/div>\t\t\t\t<\/div>\n\t\t\t\t<\/div>\n\t\t\t\t\t<\/div>\n\t\t<\/div>\n\t\t\t\t\t<\/div>\n\t\t<\/section>\n\t\t<div class=\"elementor-element elementor-element-d38089d e-flex e-con-boxed e-con e-parent\" data-id=\"d38089d\" data-element_type=\"container\">\n\t\t\t\t\t<div class=\"e-con-inner\">\n\t\t\t\t<div class=\"elementor-element elementor-element-f1e1dfd elementor-widget elementor-widget-spacer\" data-id=\"f1e1dfd\" data-element_type=\"widget\" data-widget_type=\"spacer.default\">\n\t\t\t\t<div class=\"elementor-widget-container\">\n\t\t\t\t\t\t\t<div class=\"elementor-spacer\">\n\t\t\t<div class=\"elementor-spacer-inner\"><\/div>\n\t\t<\/div>\n\t\t\t\t\t\t<\/div>\n\t\t\t\t<\/div>\n\t\t\t\t\t<\/div>\n\t\t\t\t<\/div>\n\t\t<div class=\"elementor-element elementor-element-723cc03 e-flex e-con-boxed e-con e-parent\" data-id=\"723cc03\" data-element_type=\"container\">\n\t\t\t\t\t<div class=\"e-con-inner\">\n\t\t<div class=\"elementor-element elementor-element-01873ab e-con-full e-flex e-con e-child\" data-id=\"01873ab\" data-element_type=\"container\">\n\t\t\t\t<\/div>\n\t\t<div class=\"elementor-element elementor-element-2ff4c08 e-con-full e-flex e-con e-child\" data-id=\"2ff4c08\" data-element_type=\"container\">\n\t\t\t\t<div class=\"elementor-element elementor-element-f5b0f12 elementor-widget elementor-widget-text-editor\" data-id=\"f5b0f12\" data-element_type=\"widget\" data-widget_type=\"text-editor.default\">\n\t\t\t\t<div class=\"elementor-widget-container\">\n\t\t\t\t\t\t\t\t\t<h3 data-sourcepos=\"3:1-3:281\">Karriere Management<\/h3><p data-sourcepos=\"3:1-3:281\"><span style=\"color: #4d5765;\">Wir bieten ein umfassendes Karrieremanagementsystem, um unsere Mitarbeiter bei der Erreichung ihrer Karriereziele zu unterst\u00fctzen. Wir sind daf\u00fcr da, Sie auf Ihrem Karriereweg zu begleiten, Ihr Potenzial zu maximieren und Ihnen zu erm\u00f6glichen, innerhalb des Unternehmens voranzukommen.   <\/span>wir sind hier.<\/p><h3 class=\"\" data-sourcepos=\"5:1-5:30\">Unser Karriere-Management-Prozess<\/h3><p data-sourcepos=\"7:1-7:114\"><span style=\"color: #4d5765;\">Unser Karrieremanagementprozess ist darauf ausgerichtet, die pers\u00f6nliche und berufliche Entwicklung unserer Mitarbeiter zu unterst\u00fctzen. Der Prozess umfasst die folgenden Schritte   <\/span>:<\/p><ul data-sourcepos=\"9:1-10:201\"><li data-sourcepos=\"9:1-9:232\"><strong>Bestimmung der Karriereziele:<\/strong> In einem ersten Schritt f\u00fchren wir individuelle Gespr\u00e4che mit unseren Mitarbeitern, um ihre Karriereziele zu ermitteln. Diese Ziele werden im Einklang mit den Interessen, Talenten und langfristigen Pl\u00e4nen der Mitarbeiter festgelegt.   <\/li><li><strong>Erstellung von Entwicklungspl\u00e4nen:<\/strong> In \u00dcbereinstimmung mit den gesetzten Zielen werden personalisierte Entwicklungspl\u00e4ne f\u00fcr die Mitarbeiter erstellt. Diese Pl\u00e4ne beinhalten notwendige Schulungen, Mentorenprogramme und Rotationen.   <\/li><li><strong>Regelm\u00e4\u00dfige Leistungsbeurteilungen:<\/strong> Die Leistungen der Mitarbeiter werden regelm\u00e4\u00dfig bewertet, und die Entwicklungspl\u00e4ne werden im Einklang mit diesen Bewertungen aktualisiert.<\/li><li><strong>Mentoring und Coaching:<\/strong> Im Rahmen des Mentoring-Programms stehen unsere erfahrenen Mitarbeiter neuen Mitarbeitern oder solchen, die eine neue Rolle \u00fcbernehmen, als Ratgeber zur Seite. Dar\u00fcber hinaus werden bei Bedarf professionelle Coaching-Dienste angeboten.   <\/li><li><strong>Karrierechancen bieten:<\/strong> Unsere Mitarbeiter werden \u00fcber neue Positionen und Projekte innerhalb des Unternehmens informiert und dabei unterst\u00fctzt, diese M\u00f6glichkeiten zu nutzen.<\/li><li><strong>Interne Rotationen:<\/strong> Indem wir unseren Mitarbeitern die M\u00f6glichkeit geben, in verschiedenen Abteilungen\/Abteilungen oder Positionen zu arbeiten, erm\u00f6glichen wir ihnen, unterschiedliche F\u00e4higkeiten zu erwerben und eine breitere Perspektive auf das Unternehmen einzunehmen.<\/li><\/ul><h3 class=\"\" data-sourcepos=\"16:1-16:33\">Vorteile des Karrieremanagements<\/h3><p data-sourcepos=\"18:1-18:90\">Die Vorteile unseres Karrieremanagementsystems f\u00fcr unsere Mitarbeiter und unser Unternehmen sind folgende:<\/p><ul data-sourcepos=\"20:1-20:59\"><li data-sourcepos=\"20:1-20:59\"><strong>Mitarbeiterzufriedenheit:<\/strong> Die Unterst\u00fctzung der Mitarbeiter bei der Verwirklichung ihrer Karriereziele erh\u00f6ht ihre Arbeitszufriedenheit und st\u00e4rkt ihr Engagement f\u00fcr ihr Unternehmen.<\/li><li><strong>Prozesseffizienz:<\/strong> Wenn Mitarbeiter die richtigen Positionen besetzen und sich kontinuierlich weiterentwickeln, verbessert sich die Gesamtleistung des Unternehmens.<\/li><li><strong>Kompetenzmanagement:<\/strong> Stellt sicher, dass Mitarbeiter mit den vom Unternehmen geforderten Kompetenzen geschult werden.<\/li><li><strong>Anpassung an den Wandel:<\/strong> Sie stellt sicher, dass wir \u00fcber Mitarbeiter verf\u00fcgen, die die Kompetenz haben, sich schnell an die sich \u00e4ndernden Bed\u00fcrfnisse des Unternehmens anzupassen.<\/li><li><strong>Mitarbeiterbindung:<\/strong> Verhindert die Fluktuation von Mitarbeitern, indem es Karrierem\u00f6glichkeiten bietet und daf\u00fcr sorgt, dass die Mitarbeiter l\u00e4nger im Unternehmen bleiben.<\/li><\/ul><h3 class=\"\" data-sourcepos=\"26:1-26:44\">So machen Sie einen Schritt nach vorn in Ihrer Karriere<\/h3><p data-sourcepos=\"28:1-28:293\">In Ihrer Karriere<span style=\"color: #4d5765;\">  Wenn Sie vorankommen und Ihr Potenzial maximieren wollen, ist Y\u0131ld\u0131z Polietilen der richtige Ort f\u00fcr Sie. Sie k\u00f6nnen sich an unsere Personalabteilung wenden, um Ihre Karriereziele festzulegen, Ihre Entwicklungspl\u00e4ne zu erstellen und die M\u00f6glichkeiten innerhalb des Unternehmens zu nutzen   <\/span>.<\/p>\t\t\t\t\t\t\t\t<\/div>\n\t\t\t\t<\/div>\n\t\t\t\t<\/div>\n\t\t<div class=\"elementor-element elementor-element-d87c099 e-con-full e-flex e-con e-child\" data-id=\"d87c099\" data-element_type=\"container\">\n\t\t\t\t<\/div>\n\t\t\t\t\t<\/div>\n\t\t\t\t<\/div>\n\t\t\t\t<section class=\"elementor-section elementor-top-section elementor-element elementor-element-28c114cb elementor-section-full_width elementor-section-height-default elementor-section-height-default\" data-id=\"28c114cb\" data-element_type=\"section\" id=\"blog\" data-settings=\"{&quot;background_background&quot;:&quot;classic&quot;}\">\n\t\t\t\t\t\t<div class=\"elementor-container elementor-column-gap-no\">\n\t\t\t\t\t<div class=\"elementor-column elementor-col-100 elementor-top-column elementor-element elementor-element-54e5e1e6\" data-id=\"54e5e1e6\" data-element_type=\"column\">\n\t\t\t<div class=\"elementor-widget-wrap\">\n\t\t\t\t\t\t\t<\/div>\n\t\t<\/div>\n\t\t\t\t\t<\/div>\n\t\t<\/section>\n\t\t\t\t<section class=\"elementor-section elementor-top-section elementor-element elementor-element-dfeedd2 elementor-section-boxed elementor-section-height-default elementor-section-height-default\" data-id=\"dfeedd2\" data-element_type=\"section\">\n\t\t\t\t\t\t<div class=\"elementor-container elementor-column-gap-default\">\n\t\t\t\t\t<div class=\"elementor-column elementor-col-100 elementor-top-column elementor-element elementor-element-215fe6b\" data-id=\"215fe6b\" data-element_type=\"column\">\n\t\t\t<div class=\"elementor-widget-wrap elementor-element-populated\">\n\t\t\t\t\t\t<div class=\"elementor-element elementor-element-35d1cd0 elementor-widget elementor-widget-spacer\" data-id=\"35d1cd0\" data-element_type=\"widget\" data-widget_type=\"spacer.default\">\n\t\t\t\t<div class=\"elementor-widget-container\">\n\t\t\t\t\t\t\t<div class=\"elementor-spacer\">\n\t\t\t<div class=\"elementor-spacer-inner\"><\/div>\n\t\t<\/div>\n\t\t\t\t\t\t<\/div>\n\t\t\t\t<\/div>\n\t\t\t\t\t<\/div>\n\t\t<\/div>\n\t\t\t\t\t<\/div>\n\t\t<\/section>\n\t\t\t\t<\/div>\n\t\t","protected":false},"excerpt":{"rendered":"<p>Y\u0131ld\u0131z Polietilen Kariyer Y\u00f6netimi Y\u0131ld\u0131z Polietilen olarak, \u00e7al\u0131\u015fanlar\u0131m\u0131z\u0131n kariyer hedeflerini destekleyerek uzun vadeli geli\u015fimlerine katk\u0131 sa\u011flamay\u0131 ama\u00e7l\u0131yoruz. Karriere Management Wir bieten ein umfassendes Karrieremanagementsystem, um unsere Mitarbeiter bei der Erreichung ihrer Karriereziele zu unterst\u00fctzen. Wir sind daf\u00fcr da, Sie auf Ihrem Karriereweg zu begleiten, Ihr Potenzial zu maximieren und Ihnen zu erm\u00f6glichen, innerhalb des Unternehmens&#8230;<\/p>\n","protected":false},"author":1,"featured_media":0,"parent":0,"menu_order":0,"comment_status":"closed","ping_status":"closed","template":"template-builder.php","meta":{"pgc_sgb_lightbox_settings":"","footnotes":""},"class_list":["post-10277","page","type-page","status-publish","hentry"],"_links":{"self":[{"href":"https:\/\/www.yildizpolietilen.com\/de\/wp-json\/wp\/v2\/pages\/10277","targetHints":{"allow":["GET"]}}],"collection":[{"href":"https:\/\/www.yildizpolietilen.com\/de\/wp-json\/wp\/v2\/pages"}],"about":[{"href":"https:\/\/www.yildizpolietilen.com\/de\/wp-json\/wp\/v2\/types\/page"}],"author":[{"embeddable":true,"href":"https:\/\/www.yildizpolietilen.com\/de\/wp-json\/wp\/v2\/users\/1"}],"replies":[{"embeddable":true,"href":"https:\/\/www.yildizpolietilen.com\/de\/wp-json\/wp\/v2\/comments?post=10277"}],"version-history":[{"count":3,"href":"https:\/\/www.yildizpolietilen.com\/de\/wp-json\/wp\/v2\/pages\/10277\/revisions"}],"predecessor-version":[{"id":19530,"href":"https:\/\/www.yildizpolietilen.com\/de\/wp-json\/wp\/v2\/pages\/10277\/revisions\/19530"}],"wp:attachment":[{"href":"https:\/\/www.yildizpolietilen.com\/de\/wp-json\/wp\/v2\/media?parent=10277"}],"curies":[{"name":"wp","href":"https:\/\/api.w.org\/{rel}","templated":true}]}}