{"id":10264,"date":"2024-03-31T09:39:36","date_gmt":"2024-03-31T06:39:36","guid":{"rendered":"https:\/\/yildizpolietilen.com\/kalite-politikasi\/"},"modified":"2025-06-24T15:08:23","modified_gmt":"2025-06-24T12:08:23","slug":"qualitaetspolitik","status":"publish","type":"page","link":"https:\/\/www.yildizpolietilen.com\/de\/qualitaetspolitik\/","title":{"rendered":"Qualit\u00e4tspolitik"},"content":{"rendered":"\t\t<div data-elementor-type=\"wp-page\" data-elementor-id=\"10264\" class=\"elementor elementor-10264 elementor-10261\" data-elementor-post-type=\"page\">\n\t\t\t\t\r\n\t\t<section class=\"elementor-section elementor-top-section elementor-element elementor-element-747687e0 elementor-section-full_width elementor-section-height-default elementor-section-height-default\" data-id=\"747687e0\" data-element_type=\"section\">\n\t\t\t\t\t\t<div class=\"elementor-container elementor-column-gap-no\">\n\t\t\t\t\t<div class=\"elementor-column elementor-col-100 elementor-top-column elementor-element elementor-element-68126d42\" data-id=\"68126d42\" data-element_type=\"column\">\n\t\t\t<div class=\"elementor-widget-wrap elementor-element-populated\">\n\t\t\t\t\t\t<div class=\"elementor-element elementor-element-4bd746c elementor-widget elementor-widget-drillerbanner\" data-id=\"4bd746c\" data-element_type=\"widget\" data-widget_type=\"drillerbanner.default\">\n\t\t\t\t<div class=\"elementor-widget-container\">\n\t\t\t\t\t<div class=\"th-hero-wrapper hero-7\" id=\"hero\"><div class=\"hero-slider-7 th-carousel\" data-fade=\"true\" data-slide-show=\"1\" data-md-slide-show=\"1\"><div class=\"th-hero-slide\"><div class=\"th-hero-bg\" data-bg-src=\"https:\/\/yildizpolietilen.com\/wp-content\/uploads\/2024\/08\/12-1.png\"><\/div><div class=\"big-text\" data-ani=\"slideindown\" data-ani-delay=\"0.2s\">Y\u0131ld\u0131z<\/div><div class=\"container z-index-common\"><div class=\"hero-style7\"><div class=\"hero-meta\" data-ani=\"slideindown\" data-ani-delay=\"0.2s\"><span>Y\u0131ld\u0131z Polietilen<\/span><\/div><h1 class=\"hero-title\" data-ani=\"slideindown\" data-ani-delay=\"0.3s\">Kalite<\/h1><h1 class=\"hero-title\" data-ani=\"slideindown\" data-ani-delay=\"0.5s\">Politikas\u0131<\/h1><p class=\"hero-text\" data-ani=\"slideindown\" data-ani-delay=\"0.6s\">\u00dcr\u00fcnlerimizin ve hizmetlerimizin her zaman en y\u00fcksek kalitede olmas\u0131n\u0131 sa\u011flar\u0131z. M\u00fc\u015fterilerimizin g\u00fcvenini kazanmak ve s\u00fcrd\u00fcrmek en b\u00fcy\u00fck \u00f6nceli\u011fimizdir.<\/p><div class=\"btn-group\" data-ani=\"slideindown\" data-ani-delay=\"0.6s\"><\/div><\/div><\/div><\/div><\/div><div class=\"icon-box\"><button data-slick-prev=\".hero-slider-7\" class=\"icon-btn\"><i class=\"far fa-long-arrow-left\"><\/i><\/button><button data-slick-next=\".hero-slider-7\" class=\"icon-btn\"><i class=\"far fa-long-arrow-right\"><\/i><\/button><\/div><\/div>\t\t\t\t<\/div>\n\t\t\t\t<\/div>\n\t\t\t\t\t<\/div>\n\t\t<\/div>\n\t\t\t\t\t<\/div>\n\t\t<\/section>\n\t\t\t\t<section class=\"elementor-section elementor-top-section elementor-element elementor-element-48a49c5a elementor-section-boxed elementor-section-height-default elementor-section-height-default\" data-id=\"48a49c5a\" data-element_type=\"section\" data-settings=\"{&quot;background_background&quot;:&quot;classic&quot;}\">\n\t\t\t\t\t\t<div class=\"elementor-container elementor-column-gap-no\">\n\t\t\t\t\t<div class=\"elementor-column elementor-col-100 elementor-top-column elementor-element elementor-element-4306fe59\" data-id=\"4306fe59\" data-element_type=\"column\">\n\t\t\t<div class=\"elementor-widget-wrap elementor-element-populated\">\n\t\t\t\t\t\t<div class=\"elementor-element elementor-element-2fee869d elementor-widget elementor-widget-drillerfeature\" data-id=\"2fee869d\" data-element_type=\"widget\" data-widget_type=\"drillerfeature.default\">\n\t\t\t\t<div class=\"elementor-widget-container\">\n\t\t\t\t\t<div class=\"feature-grid-wrap\"><div class=\"feature-grid\"><div class=\"feature-grid_icon\"><img decoding=\"async\" src=\"https:\/\/themeholy.com\/wordpress\/konta\/wp-content\/uploads\/2023\/10\/feature_1_1.svg\" alt=\"feature_1_1\"  \/><\/div><div><h3 class=\"feature-grid_title\">Kalite Politikas\u0131<\/h3><p class=\"feature-grid_text\">Y\u00fcksek kalitede \u00fcr\u00fcnleri, geli\u015fen teknolojiyle do\u011fru ve zaman\u0131nda \u00fcretmek  ilkemizdir.<\/p><\/div><\/div><div class=\"feature-grid\"><div class=\"feature-grid_icon\"><img decoding=\"async\" src=\"https:\/\/themeholy.com\/wordpress\/konta\/wp-content\/uploads\/2023\/10\/feature_1_2.svg\" alt=\"feature_1_2\"  \/><\/div><div><h3 class=\"feature-grid_title\">Kalite Politikas\u0131<\/h3><p class=\"feature-grid_text\">S\u00fcrekli iyile\u015ftirme ve yenilikle g\u00fcvenilir \u00e7\u00f6z\u00fcmler sunuyoruz.<\/p><\/div><\/div><div class=\"feature-grid\"><div class=\"feature-grid_icon\"><img decoding=\"async\" src=\"https:\/\/themeholy.com\/wordpress\/konta\/wp-content\/uploads\/2023\/10\/feature_1_3.svg\" alt=\"feature_1_3\"  \/><\/div><div><h3 class=\"feature-grid_title\">Kalite Politikas\u0131<\/h3><p class=\"feature-grid_text\">Uluslararas\u0131 standartlara uyumla k\u00fcresel pazarda g\u00fcven in\u015fa ediyoruz.<\/p><\/div><\/div><\/div>\t\t\t\t<\/div>\n\t\t\t\t<\/div>\n\t\t\t\t\t<\/div>\n\t\t<\/div>\n\t\t\t\t\t<\/div>\n\t\t<\/section>\n\t\t<div class=\"elementor-element elementor-element-6b42cf1 e-flex e-con-boxed e-con e-parent\" data-id=\"6b42cf1\" data-element_type=\"container\">\n\t\t\t\t\t<div class=\"e-con-inner\">\n\t\t<div class=\"elementor-element elementor-element-b238bae e-con-full e-flex e-con e-child\" data-id=\"b238bae\" data-element_type=\"container\">\n\t\t\t\t<\/div>\n\t\t<div class=\"elementor-element elementor-element-e2c0547 e-con-full e-flex e-con e-child\" data-id=\"e2c0547\" data-element_type=\"container\">\n\t\t\t\t<div class=\"elementor-element elementor-element-4b48803 elementor-widget elementor-widget-text-editor\" data-id=\"4b48803\" data-element_type=\"widget\" data-widget_type=\"text-editor.default\">\n\t\t\t\t<div class=\"elementor-widget-container\">\n\t\t\t\t\t\t\t\t\t<h3>&nbsp; &nbsp; &nbsp; &nbsp; &nbsp;  UNSERE QUALIT\u00c4TSPOLITIK<\/h3>\n<ul>\n<li>Y\u0131ld\u0131z Polietilen, ein Hersteller von Rohrformst\u00fccken aus Polyethylen, hat sich das Prinzip zu eigen gemacht, qualitativ hochwertige Produkte f\u00fcr seine aktuellen und zuk\u00fcnftigen Kunden in einer pr\u00e4zisen und zeitnahen Weise mit der sich entwickelnden Technologie herzustellen.<\/li>\n<p><br><\/p>\n<li>Unser oberstes Ziel ist die Zufriedenheit unserer Kunden. Unser Ziel ist es, zuverl\u00e4ssige Produkte herzustellen und eine bevorzugte Marke in allen L\u00e4ndern der Welt zu werden.   <\/li>\n<p><br><\/p>\n<li>Kontinuierliche Verbesserung ist der Eckpfeiler unserer Qualit\u00e4tspolitik. Wir sind uns der Bed\u00fcrfnisse und Erwartungen unserer Kunden bewusst. Wir \u00fcberpr\u00fcfen und verbessern regelm\u00e4\u00dfig unsere Prozesse, Produkte und Dienstleistungen, um unser Bestes zu tun, um sie zu erf\u00fcllen und zu \u00fcbertreffen.    <\/li>\n<p><br><\/p>\n<li>Wir sind uns bewusst, dass unsere Mitarbeiter ein Teil unserer Qualit\u00e4t sind. Wir sorgen f\u00fcr ihre kontinuierliche Schulung, Entwicklung und Beteiligung. Wir f\u00f6rdern eine Kultur der Innovation, Zusammenarbeit und kontinuierlichen Verbesserung, indem wir unser Team st\u00e4rken.    <\/li>\n<p><br><\/p>\n<li>Wir sch\u00e4tzen unsere Beziehungen zu unseren Lieferanten, Gesch\u00e4ftspartnern und allen anderen relevanten Parteien. Wir arbeiten eng und partnerschaftlich mit ihnen zusammen, um unsere Prozesse und Dienstleistungen kontinuierlich zu verbessern.   <\/li>\n<p><br><\/p>\n<li>Wir verpflichten uns zur Einhaltung aller geltenden gesetzlichen Bestimmungen, Produktnormen und Anforderungen des Qualit\u00e4tsmanagementsystems nach ISO 9001:2015 sowie zur kontinuierlichen Verbesserung.<br><\/li>\n<\/ul>\t\t\t\t\t\t\t\t<\/div>\n\t\t\t\t<\/div>\n\t\t\t\t<\/div>\n\t\t<div class=\"elementor-element elementor-element-c9ecbec e-con-full e-flex e-con e-child\" data-id=\"c9ecbec\" data-element_type=\"container\">\n\t\t\t\t<\/div>\n\t\t\t\t\t<\/div>\n\t\t\t\t<\/div>\n\t\t\t\t<\/div>\n\t\t","protected":false},"excerpt":{"rendered":"<p>Y\u0131ld\u0131zY\u0131ld\u0131z Polietilen Kalite Politikas\u0131 \u00dcr\u00fcnlerimizin ve hizmetlerimizin her zaman en y\u00fcksek kalitede olmas\u0131n\u0131 sa\u011flar\u0131z. M\u00fc\u015fterilerimizin g\u00fcvenini kazanmak ve s\u00fcrd\u00fcrmek en b\u00fcy\u00fck \u00f6nceli\u011fimizdir. Kalite Politikas\u0131 Y\u00fcksek kalitede \u00fcr\u00fcnleri, geli\u015fen teknolojiyle do\u011fru ve zaman\u0131nda \u00fcretmek ilkemizdir. Kalite Politikas\u0131 S\u00fcrekli iyile\u015ftirme ve yenilikle g\u00fcvenilir \u00e7\u00f6z\u00fcmler sunuyoruz. Kalite Politikas\u0131 Uluslararas\u0131 standartlara uyumla k\u00fcresel pazarda g\u00fcven in\u015fa ediyoruz. &nbsp; &nbsp;&#8230;<\/p>\n","protected":false},"author":1,"featured_media":0,"parent":0,"menu_order":0,"comment_status":"closed","ping_status":"closed","template":"elementor_header_footer","meta":{"pgc_sgb_lightbox_settings":"","footnotes":""},"class_list":["post-10264","page","type-page","status-publish","hentry"],"_links":{"self":[{"href":"https:\/\/www.yildizpolietilen.com\/de\/wp-json\/wp\/v2\/pages\/10264","targetHints":{"allow":["GET"]}}],"collection":[{"href":"https:\/\/www.yildizpolietilen.com\/de\/wp-json\/wp\/v2\/pages"}],"about":[{"href":"https:\/\/www.yildizpolietilen.com\/de\/wp-json\/wp\/v2\/types\/page"}],"author":[{"embeddable":true,"href":"https:\/\/www.yildizpolietilen.com\/de\/wp-json\/wp\/v2\/users\/1"}],"replies":[{"embeddable":true,"href":"https:\/\/www.yildizpolietilen.com\/de\/wp-json\/wp\/v2\/comments?post=10264"}],"version-history":[{"count":3,"href":"https:\/\/www.yildizpolietilen.com\/de\/wp-json\/wp\/v2\/pages\/10264\/revisions"}],"predecessor-version":[{"id":19501,"href":"https:\/\/www.yildizpolietilen.com\/de\/wp-json\/wp\/v2\/pages\/10264\/revisions\/19501"}],"wp:attachment":[{"href":"https:\/\/www.yildizpolietilen.com\/de\/wp-json\/wp\/v2\/media?parent=10264"}],"curies":[{"name":"wp","href":"https:\/\/api.w.org\/{rel}","templated":true}]}}