{"id":10251,"date":"2024-08-13T16:33:03","date_gmt":"2024-08-13T13:33:03","guid":{"rendered":"https:\/\/yildizpolietilen.com\/ise-alim-sureci\/"},"modified":"2025-06-24T15:08:47","modified_gmt":"2025-06-24T12:08:47","slug":"rekrutierungsprozess","status":"publish","type":"page","link":"https:\/\/www.yildizpolietilen.com\/de\/rekrutierungsprozess\/","title":{"rendered":"Rekrutierungsprozess"},"content":{"rendered":"\t\t<div data-elementor-type=\"wp-page\" data-elementor-id=\"10251\" class=\"elementor elementor-10251 elementor-10249\" data-elementor-post-type=\"page\">\n\t\t\t\t\r\n\t\t<section class=\"elementor-section elementor-top-section elementor-element elementor-element-6089c940 elementor-section-full_width elementor-section-height-default elementor-section-height-default\" data-id=\"6089c940\" data-element_type=\"section\">\n\t\t\t\t\t\t<div class=\"elementor-container elementor-column-gap-no\">\n\t\t\t\t\t<div class=\"elementor-column elementor-col-100 elementor-top-column elementor-element elementor-element-3e556b33\" data-id=\"3e556b33\" data-element_type=\"column\">\n\t\t\t<div class=\"elementor-widget-wrap elementor-element-populated\">\n\t\t\t\t\t\t<div class=\"elementor-element elementor-element-562a6dbd elementor-widget elementor-widget-kontabanner\" data-id=\"562a6dbd\" data-element_type=\"widget\" data-widget_type=\"kontabanner.default\">\n\t\t\t\t<div class=\"elementor-widget-container\">\n\t\t\t\t\t<div class=\"th-hero-wrapper hero-2\" id=\"hero\"><div class=\"hero-slider-2 th-carousel\" id=\"heroSlide6\" data-slide-show=\"1\" data-md-slide-show=\"1\" data-fade=\"true\"><div class=\"th-hero-slide\"><div class=\"th-hero-bg\" data-bg-src=\"https:\/\/images.pexels.com\/photos\/3184418\/pexels-photo-3184418.jpeg?auto=compress&#038;cs=tinysrgb&#038;w=1260&#038;h=750&#038;dpr=2\"><img decoding=\"async\" src=\"https:\/\/themeholy.com\/wordpress\/konta\/wp-content\/uploads\/2023\/09\/hero_overlay_2.png\" alt=\"hero_overlay_2\"  \/><\/div><div class=\"big-text\" data-ani=\"slideindown\" data-ani-delay=\"0.2s\">Y\u0131ld\u0131z Polietilen<\/div><div class=\"container th-container\"><div class=\"hero-style2\"><h1 class=\"hero-title text-white\" data-ani=\"slideindown\" data-ani-delay=\"0.4s\">\u0130\u015fe Al\u0131m<\/h1><h1 class=\"hero-title text-white\" data-ani=\"slideindown\" data-ani-delay=\"0.1s\"><span class=\"text-theme\"> S\u00fcreci <\/span><\/h1><p class=\"hero-text\" data-ani=\"slideinup\" data-ani-delay=\"0.1s\">Y\u0131ld\u0131z Polietilen olarak, \u015feffaf ve adil bir i\u015fe al\u0131m s\u00fcreciyle do\u011fru yetenekleri \u015firketimize kazand\u0131rmay\u0131 hedefliyoruz.<\/p><div class=\"btn-group\" data-ani=\"slideinup\" data-ani-delay=\"0.5s\"><\/div><\/div><\/div><\/div><\/div><div class=\"icon-box\"><button data-slick-prev=\"#heroSlide6\" class=\"slick-arrow default\"><i class=\"far fa-chevron-left\"><\/i><\/button><button data-slick-next=\"#heroSlide6\" class=\"slick-arrow default\"><i class=\"far fa-chevron-right\"><\/i><\/button><\/div><\/div>\t\t\t\t<\/div>\n\t\t\t\t<\/div>\n\t\t\t\t\t<\/div>\n\t\t<\/div>\n\t\t\t\t\t<\/div>\n\t\t<\/section>\n\t\t<div class=\"elementor-element elementor-element-baee000 e-flex e-con-boxed e-con e-parent\" data-id=\"baee000\" data-element_type=\"container\">\n\t\t\t\t\t<div class=\"e-con-inner\">\n\t\t<div class=\"elementor-element elementor-element-67c5002 e-con-full e-flex e-con e-child\" data-id=\"67c5002\" data-element_type=\"container\">\n\t\t\t\t<div class=\"elementor-element elementor-element-793d8a9 elementor-widget elementor-widget-spacer\" data-id=\"793d8a9\" data-element_type=\"widget\" data-widget_type=\"spacer.default\">\n\t\t\t\t<div class=\"elementor-widget-container\">\n\t\t\t\t\t\t\t<div class=\"elementor-spacer\">\n\t\t\t<div class=\"elementor-spacer-inner\"><\/div>\n\t\t<\/div>\n\t\t\t\t\t\t<\/div>\n\t\t\t\t<\/div>\n\t\t\t\t<\/div>\n\t\t\t\t\t<\/div>\n\t\t\t\t<\/div>\n\t\t<div class=\"elementor-element elementor-element-723cc03 e-flex e-con-boxed e-con e-parent\" data-id=\"723cc03\" data-element_type=\"container\">\n\t\t\t\t\t<div class=\"e-con-inner\">\n\t\t<div class=\"elementor-element elementor-element-01873ab e-con-full e-flex e-con e-child\" data-id=\"01873ab\" data-element_type=\"container\">\n\t\t\t\t<\/div>\n\t\t<div class=\"elementor-element elementor-element-2ff4c08 e-con-full e-flex e-con e-child\" data-id=\"2ff4c08\" data-element_type=\"container\">\n\t\t\t\t<div class=\"elementor-element elementor-element-f5b0f12 elementor-widget elementor-widget-text-editor\" data-id=\"f5b0f12\" data-element_type=\"widget\" data-widget_type=\"text-editor.default\">\n\t\t\t\t<div class=\"elementor-widget-container\">\n\t\t\t\t\t\t\t\t\t<h3 data-sourcepos=\"3:1-3:206\">Rekrutierungsprozess<\/h3><p data-sourcepos=\"3:1-3:206\">Wenn Sie Teil des Wandels, der Transformation und des Erfolgs sein wollen, sind Sie bei uns genau richtig! Y\u0131ld\u0131z Polyethylene, als ein Unternehmen, das mit der Zufriedenheit seiner Mitarbeiter und seiner kontinuierlichen Entwicklung w\u00e4chst, l\u00e4dt talentierte Fachkr\u00e4fte, die eine Erfolgsgeschichte schreiben wollen, in sein dynamisches Team ein.   <\/p><h3>Wie funktioniert unser Rekrutierungsprozess?<\/h3><ul data-sourcepos=\"7:1-7:117\"><li data-sourcepos=\"7:1-7:117\"><strong>Bewertung Ihrer Bewerbung:<\/strong> Ihre Bewerbung wird sorgf\u00e4ltig gepr\u00fcft und im Hinblick auf die f\u00fcr die zu besetzende Stelle erforderlichen Veranlagungen, Kompetenzen und Qualifikationen (Qualifikationen) bewertet.<\/li><li><strong>Erste Bewertung: <\/strong>Nach der \u00dcberpr\u00fcfung und Bewertung werden die in Frage kommenden Bewerbungen in die engere Auswahl genommen. Die in die engere Wahl gekommenen Kandidaten werden telefonisch oder online interviewt. In dieser Phase werden genauere Informationen \u00fcber das Karriereziel des Kandidaten und seine Kompatibilit\u00e4t mit der Unternehmenskultur eingeholt.    <\/li><li><strong>Bewertungen der Kompetenzen: <\/strong>In der zweiten Phase werden verschiedene Bewertungsmethoden (psychometrische Tests, Interviews, Simulationen usw.) angewandt, um die f\u00fcr die Position erforderlichen Kompetenzen zu messen (je nach Position unterschiedlich).<\/li><li><strong>Gespr\u00e4ch mit Managern: <\/strong>In der letzten Phase werden die zust\u00e4ndigen Abteilungs-\/Abteilungsleiter befragt, um die technischen Verantwortlichkeiten und die Erwartungen an die Stelle im Detail zu besprechen.<\/li><li><strong>Angebot und Vertrag:<\/strong> Nach Pr\u00fcfung, Bewertung und Vorstellungsgespr\u00e4chen wird dem ausgew\u00e4hlten Kandidaten ein schriftliches Stellenangebot unterbreitet. Nachdem das Angebot angenommen wurde, wird ein Vertrag unterzeichnet, der die Anforderungen der Stelle enth\u00e4lt.   <\/li><\/ul><h3 data-sourcepos=\"13:1-13:43\">Warum Yildiz Polyethylen w\u00e4hlen?<\/h3><ul data-sourcepos=\"15:1-19:14\"><li data-sourcepos=\"15:1-15:128\"><strong>Karrierem\u00f6glichkeiten<\/strong><strong>:<\/strong> Es werden viele Karrierem\u00f6glichkeiten angeboten, um Ihre Karriere in einem Unternehmen voranzutreiben, das in der Branche f\u00fchrend ist.<\/li><li><strong>Mitarbeiterorientierte Kultur:<\/strong> Es werden Anstrengungen zur Sicherstellung der Zufriedenheit und des Gl\u00fccks der Mitarbeiter geplant und umgesetzt.<\/li><li><strong>Kontinuierliche Entwicklung:<\/strong> Es werden Ma\u00dfnahmen geplant und umgesetzt, die die Mitarbeiter dabei unterst\u00fctzen, sich kontinuierlich zu verbessern.<\/li><li><strong>Entlohnung und Sozialleistungen:<\/strong> Es gibt eine faire und transparente Verg\u00fctungs- und Sozialleistungspolitik.<\/li><\/ul><h3 data-sourcepos=\"21:1-21:37\">Wie k\u00f6nnen Sie Ihre Bewerbung einreichen?<\/h3><p data-sourcepos=\"23:1-23:96\">Sie k\u00f6nnen mit uns Kontakt aufnehmen, indem Sie sich \u00fcber das <strong>Karrieremen\u00fc<\/strong> auf unserer Website auf die entsprechenden Stellenausschreibungen bewerben.<\/p><h3 data-sourcepos=\"25:1-25:47\">Was sollten Sie bei der Bewerbung beachten?<\/h3><ul data-sourcepos=\"27:1-30:0\"><li data-sourcepos=\"27:1-27:140\"><strong>CV-Lebenslauf:<\/strong> Es ist wichtig, dass Sie genaue und aktuelle Informationen \u00fcber Ihre bisherige Berufserfahrung, Ihren Bildungshintergrund und Ihre Kompetenzen angeben.<\/li><li><strong>Ein umfassender Lebenslauf (CV-Resume):<\/strong> Hervorzuheben sind die F\u00e4higkeiten und Erfahrungen, die f\u00fcr die angestrebte Stelle erforderlich sind.<\/li><li><strong>Motivationsschreiben:<\/strong> Es ist wichtig, die Beitr\u00e4ge, die Sie Y\u0131ld\u0131z Polietilen f\u00fcr die betreffende Stelle leisten wollen, klar darzulegen.<\/li><\/ul><p><strong>Der Beitritt zur Y\u0131ld\u0131z Polyethylene-Familie bedeutet einen Neuanfang in Ihrer Karriere.  <\/strong><\/p><p><strong>Treten Sie der Y\u0131ld\u0131z Polyethylene Familie bei, um Teil des Wandels, der Transformation und des Erfolgs zu sein<\/strong><strong>!<\/strong><\/p>\t\t\t\t\t\t\t\t<\/div>\n\t\t\t\t<\/div>\n\t\t\t\t<\/div>\n\t\t<div class=\"elementor-element elementor-element-d87c099 e-con-full e-flex e-con e-child\" data-id=\"d87c099\" data-element_type=\"container\">\n\t\t\t\t<\/div>\n\t\t\t\t\t<\/div>\n\t\t\t\t<\/div>\n\t\t\t\t<section class=\"elementor-section elementor-top-section elementor-element elementor-element-dfeedd2 elementor-section-boxed elementor-section-height-default elementor-section-height-default\" data-id=\"dfeedd2\" data-element_type=\"section\">\n\t\t\t\t\t\t<div class=\"elementor-container elementor-column-gap-default\">\n\t\t\t\t\t<div class=\"elementor-column elementor-col-100 elementor-top-column elementor-element elementor-element-215fe6b\" data-id=\"215fe6b\" data-element_type=\"column\">\n\t\t\t<div class=\"elementor-widget-wrap elementor-element-populated\">\n\t\t\t\t\t\t<div class=\"elementor-element elementor-element-35d1cd0 elementor-widget elementor-widget-spacer\" data-id=\"35d1cd0\" data-element_type=\"widget\" data-widget_type=\"spacer.default\">\n\t\t\t\t<div class=\"elementor-widget-container\">\n\t\t\t\t\t\t\t<div class=\"elementor-spacer\">\n\t\t\t<div class=\"elementor-spacer-inner\"><\/div>\n\t\t<\/div>\n\t\t\t\t\t\t<\/div>\n\t\t\t\t<\/div>\n\t\t\t\t\t<\/div>\n\t\t<\/div>\n\t\t\t\t\t<\/div>\n\t\t<\/section>\n\t\t\t\t<\/div>\n\t\t","protected":false},"excerpt":{"rendered":"<p>Y\u0131ld\u0131z Polietilen \u0130\u015fe Al\u0131m S\u00fcreci Y\u0131ld\u0131z Polietilen olarak, \u015feffaf ve adil bir i\u015fe al\u0131m s\u00fcreciyle do\u011fru yetenekleri \u015firketimize kazand\u0131rmay\u0131 hedefliyoruz. Rekrutierungsprozess Wenn Sie Teil des Wandels, der Transformation und des Erfolgs sein wollen, sind Sie bei uns genau richtig! Y\u0131ld\u0131z Polyethylene, als ein Unternehmen, das mit der Zufriedenheit seiner Mitarbeiter und seiner kontinuierlichen Entwicklung w\u00e4chst,&#8230;<\/p>\n","protected":false},"author":1,"featured_media":0,"parent":0,"menu_order":0,"comment_status":"closed","ping_status":"closed","template":"template-builder.php","meta":{"pgc_sgb_lightbox_settings":"","footnotes":""},"class_list":["post-10251","page","type-page","status-publish","hentry"],"_links":{"self":[{"href":"https:\/\/www.yildizpolietilen.com\/de\/wp-json\/wp\/v2\/pages\/10251","targetHints":{"allow":["GET"]}}],"collection":[{"href":"https:\/\/www.yildizpolietilen.com\/de\/wp-json\/wp\/v2\/pages"}],"about":[{"href":"https:\/\/www.yildizpolietilen.com\/de\/wp-json\/wp\/v2\/types\/page"}],"author":[{"embeddable":true,"href":"https:\/\/www.yildizpolietilen.com\/de\/wp-json\/wp\/v2\/users\/1"}],"replies":[{"embeddable":true,"href":"https:\/\/www.yildizpolietilen.com\/de\/wp-json\/wp\/v2\/comments?post=10251"}],"version-history":[{"count":3,"href":"https:\/\/www.yildizpolietilen.com\/de\/wp-json\/wp\/v2\/pages\/10251\/revisions"}],"predecessor-version":[{"id":19527,"href":"https:\/\/www.yildizpolietilen.com\/de\/wp-json\/wp\/v2\/pages\/10251\/revisions\/19527"}],"wp:attachment":[{"href":"https:\/\/www.yildizpolietilen.com\/de\/wp-json\/wp\/v2\/media?parent=10251"}],"curies":[{"name":"wp","href":"https:\/\/api.w.org\/{rel}","templated":true}]}}