{"id":10240,"date":"2024-08-15T15:22:22","date_gmt":"2024-08-15T12:22:22","guid":{"rendered":"https:\/\/yildizpolietilen.com\/is-sagligi-ve-guvenligi-politikamiz\/"},"modified":"2025-06-24T15:09:07","modified_gmt":"2025-06-24T12:09:07","slug":"politik-fur-gesundheit-und-sicherheit-am-arbeitsplatz","status":"publish","type":"page","link":"https:\/\/www.yildizpolietilen.com\/de\/politik-fur-gesundheit-und-sicherheit-am-arbeitsplatz\/","title":{"rendered":"Politik zu Gesundheit und Sicherheit am Arbeitsplatz"},"content":{"rendered":"\t\t<div data-elementor-type=\"wp-page\" data-elementor-id=\"10240\" class=\"elementor elementor-10240 elementor-10238\" data-elementor-post-type=\"page\">\n\t\t\t\t\t\t<section class=\"elementor-section elementor-top-section elementor-element elementor-element-6089c940 elementor-section-full_width elementor-section-height-default elementor-section-height-default\" data-id=\"6089c940\" data-element_type=\"section\">\n\t\t\t\t\t\t<div class=\"elementor-container elementor-column-gap-no\">\n\t\t\t\t\t<div class=\"elementor-column elementor-col-100 elementor-top-column elementor-element elementor-element-3e556b33\" data-id=\"3e556b33\" data-element_type=\"column\">\n\t\t\t<div class=\"elementor-widget-wrap elementor-element-populated\">\n\t\t\t\t\r\n\t\t<div class=\"elementor-element elementor-element-562a6dbd elementor-widget elementor-widget-kontabanner\" data-id=\"562a6dbd\" data-element_type=\"widget\" data-widget_type=\"kontabanner.default\">\n\t\t\t\t<div class=\"elementor-widget-container\">\n\t\t\t\t\t<div class=\"th-hero-wrapper hero-2\" id=\"hero\"><div class=\"hero-slider-2 th-carousel\" id=\"heroSlide6\" data-slide-show=\"1\" data-md-slide-show=\"1\" data-fade=\"true\"><div class=\"th-hero-slide\"><div class=\"th-hero-bg\" data-bg-src=\"https:\/\/images.pexels.com\/photos\/1366942\/pexels-photo-1366942.jpeg?auto=compress&#038;cs=tinysrgb&#038;w=1260&#038;h=750&#038;dpr=1\"><img decoding=\"async\" src=\"https:\/\/themeholy.com\/wordpress\/konta\/wp-content\/uploads\/2023\/09\/hero_overlay_2.png\" alt=\"hero_overlay_2\"  \/><\/div><div class=\"big-text\" data-ani=\"slideindown\" data-ani-delay=\"0.2s\">Y\u0131ld\u0131z Polietilen<\/div><div class=\"container th-container\"><div class=\"hero-style2\"><h1 class=\"hero-title text-white\" data-ani=\"slideindown\" data-ani-delay=\"0.4s\">Occupational Health<\/h1><h1 class=\"hero-title text-white\" data-ani=\"slideindown\" data-ani-delay=\"0.1s\"><span class=\"text-theme\">and Safety Policy<\/span><\/h1><p class=\"hero-text\" data-ani=\"slideinup\" data-ani-delay=\"0.1s\">As Y\u0131ld\u0131z Polietilen, we aim to produce in accordance with occupational health and safety standards, to ensure the safety of our employees and to keep customer satisfaction at the highest level.<\/p><div class=\"btn-group\" data-ani=\"slideinup\" data-ani-delay=\"0.5s\"><\/div><\/div><\/div><\/div><\/div><div class=\"icon-box\"><button data-slick-prev=\"#heroSlide6\" class=\"slick-arrow default\"><i class=\"far fa-chevron-left\"><\/i><\/button><button data-slick-next=\"#heroSlide6\" class=\"slick-arrow default\"><i class=\"far fa-chevron-right\"><\/i><\/button><\/div><\/div>\t\t\t\t<\/div>\n\t\t\t\t<\/div>\n\t\t\t\t\t<\/div>\n\t\t<\/div>\n\t\t\t\t\t<\/div>\n\t\t<\/section>\n\t\t<div class=\"elementor-element elementor-element-d4a2852 e-flex e-con-boxed e-con e-parent\" data-id=\"d4a2852\" data-element_type=\"container\">\n\t\t\t\t\t<div class=\"e-con-inner\">\n\t\t\t\t<div class=\"elementor-element elementor-element-b2a3370 elementor-widget elementor-widget-spacer\" data-id=\"b2a3370\" data-element_type=\"widget\" data-widget_type=\"spacer.default\">\n\t\t\t\t<div class=\"elementor-widget-container\">\n\t\t\t\t\t\t\t<div class=\"elementor-spacer\">\n\t\t\t<div class=\"elementor-spacer-inner\"><\/div>\n\t\t<\/div>\n\t\t\t\t\t\t<\/div>\n\t\t\t\t<\/div>\n\t\t\t\t\t<\/div>\n\t\t\t\t<\/div>\n\t\t<div class=\"elementor-element elementor-element-723cc03 e-flex e-con-boxed e-con e-parent\" data-id=\"723cc03\" data-element_type=\"container\">\n\t\t\t\t\t<div class=\"e-con-inner\">\n\t\t<div class=\"elementor-element elementor-element-01873ab e-con-full e-flex e-con e-child\" data-id=\"01873ab\" data-element_type=\"container\">\n\t\t\t\t<\/div>\n\t\t<div class=\"elementor-element elementor-element-2ff4c08 e-con-full e-flex e-con e-child\" data-id=\"2ff4c08\" data-element_type=\"container\">\n\t\t\t\t<div class=\"elementor-element elementor-element-f5b0f12 elementor-widget elementor-widget-text-editor\" data-id=\"f5b0f12\" data-element_type=\"widget\" data-widget_type=\"text-editor.default\">\n\t\t\t\t<div class=\"elementor-widget-container\">\n\t\t\t\t\t\t\t\t\t<h3>POLITIK F\u00dcR GESUNDHEIT UND SICHERHEIT AM ARBEITSPLATZ<\/h3>\n<ul>\n \t<li>Sicherstellung der Nachhaltigkeit von sicheren und gesunden Arbeitsbedingungen,<\/li>\n \t<li>Ergreifen Sie die notwendigen Ma\u00dfnahmen, um Unf\u00e4lle und arbeitsbedingte Gesundheitsprobleme zu vermeiden,<\/li>\n \t<li>Identifizieren und reduzieren Sie die Gesundheits- und Sicherheitsrisiken, die sich aus den von uns durchgef\u00fchrten Aktivit\u00e4ten ergeben,<\/li>\n \t<li>Wertsch\u00e4tzung der Vorschl\u00e4ge von Mitarbeitern und allen anderen Stakeholdern zu Themen, die Gesundheit und Sicherheit betreffen,<\/li>\n \t<li>Stellen Sie sicher, dass alle Mitarbeiter kompetent sind, um ihre Arbeit zu erledigen,<\/li>\n \t<li>Erf\u00fcllen Sie alle geltenden gesetzlichen Anforderungen und die Anforderungen der ISO 45001:2018,<\/li>\n \t<li>Messen und verbessern Sie kontinuierlich die Leistung des Managementsystems f\u00fcr Gesundheit und Sicherheit am Arbeitsplatz.<\/li>\n<\/ul>\t\t\t\t\t\t\t\t<\/div>\n\t\t\t\t<\/div>\n\t\t\t\t<\/div>\n\t\t<div class=\"elementor-element elementor-element-d87c099 e-con-full e-flex e-con e-child\" data-id=\"d87c099\" data-element_type=\"container\">\n\t\t\t\t<\/div>\n\t\t\t\t\t<\/div>\n\t\t\t\t<\/div>\n\t\t\t\t<section class=\"elementor-section elementor-top-section elementor-element elementor-element-dfeedd2 elementor-section-boxed elementor-section-height-default elementor-section-height-default\" data-id=\"dfeedd2\" data-element_type=\"section\">\n\t\t\t\t\t\t<div class=\"elementor-container elementor-column-gap-default\">\n\t\t\t\t\t<div class=\"elementor-column elementor-col-100 elementor-top-column elementor-element elementor-element-215fe6b\" data-id=\"215fe6b\" data-element_type=\"column\">\n\t\t\t<div class=\"elementor-widget-wrap elementor-element-populated\">\n\t\t\t\t\t\t<div class=\"elementor-element elementor-element-35d1cd0 elementor-widget elementor-widget-spacer\" data-id=\"35d1cd0\" data-element_type=\"widget\" data-widget_type=\"spacer.default\">\n\t\t\t\t<div class=\"elementor-widget-container\">\n\t\t\t\t\t\t\t<div class=\"elementor-spacer\">\n\t\t\t<div class=\"elementor-spacer-inner\"><\/div>\n\t\t<\/div>\n\t\t\t\t\t\t<\/div>\n\t\t\t\t<\/div>\n\t\t\t\t\t<\/div>\n\t\t<\/div>\n\t\t\t\t\t<\/div>\n\t\t<\/section>\n\t\t\t\t<\/div>\n\t\t","protected":false},"excerpt":{"rendered":"<p>Y\u0131ld\u0131z Polietilen Occupational Health and Safety Policy As Y\u0131ld\u0131z Polietilen, we aim to produce in accordance with occupational health and safety standards, to ensure the safety of our employees and to keep customer satisfaction at the highest level. POLITIK F\u00dcR GESUNDHEIT UND SICHERHEIT AM ARBEITSPLATZ Sicherstellung der Nachhaltigkeit von sicheren und gesunden Arbeitsbedingungen, Ergreifen Sie&#8230;<\/p>\n","protected":false},"author":1,"featured_media":0,"parent":0,"menu_order":0,"comment_status":"closed","ping_status":"closed","template":"template-builder.php","meta":{"pgc_sgb_lightbox_settings":"","footnotes":""},"class_list":["post-10240","page","type-page","status-publish","hentry"],"_links":{"self":[{"href":"https:\/\/www.yildizpolietilen.com\/de\/wp-json\/wp\/v2\/pages\/10240","targetHints":{"allow":["GET"]}}],"collection":[{"href":"https:\/\/www.yildizpolietilen.com\/de\/wp-json\/wp\/v2\/pages"}],"about":[{"href":"https:\/\/www.yildizpolietilen.com\/de\/wp-json\/wp\/v2\/types\/page"}],"author":[{"embeddable":true,"href":"https:\/\/www.yildizpolietilen.com\/de\/wp-json\/wp\/v2\/users\/1"}],"replies":[{"embeddable":true,"href":"https:\/\/www.yildizpolietilen.com\/de\/wp-json\/wp\/v2\/comments?post=10240"}],"version-history":[{"count":2,"href":"https:\/\/www.yildizpolietilen.com\/de\/wp-json\/wp\/v2\/pages\/10240\/revisions"}],"predecessor-version":[{"id":19541,"href":"https:\/\/www.yildizpolietilen.com\/de\/wp-json\/wp\/v2\/pages\/10240\/revisions\/19541"}],"wp:attachment":[{"href":"https:\/\/www.yildizpolietilen.com\/de\/wp-json\/wp\/v2\/media?parent=10240"}],"curies":[{"name":"wp","href":"https:\/\/api.w.org\/{rel}","templated":true}]}}