{"id":10229,"date":"2023-10-09T15:42:09","date_gmt":"2023-10-09T12:42:09","guid":{"rendered":"https:\/\/yildizpolietilen.com\/contact-2\/"},"modified":"2025-06-24T15:08:11","modified_gmt":"2025-06-24T12:08:11","slug":"contact-3","status":"publish","type":"page","link":"https:\/\/www.yildizpolietilen.com\/de\/contact-3\/","title":{"rendered":"Kontakt"},"content":{"rendered":"\t\t<div data-elementor-type=\"wp-page\" data-elementor-id=\"10229\" class=\"elementor elementor-10229 elementor-10227\" data-elementor-post-type=\"page\">\n\t\t\t\t\t\t<section class=\"elementor-section elementor-top-section elementor-element elementor-element-3924e3b elementor-section-full_width elementor-section-height-default elementor-section-height-default\" data-id=\"3924e3b\" data-element_type=\"section\">\n\t\t\t\t\t\t<div class=\"elementor-container elementor-column-gap-no\">\n\t\t\t\t\t<div class=\"elementor-column elementor-col-100 elementor-top-column elementor-element elementor-element-24e7f52\" data-id=\"24e7f52\" data-element_type=\"column\">\n\t\t\t<div class=\"elementor-widget-wrap elementor-element-populated\">\n\t\t\t\t\t\t<section class=\"elementor-section elementor-inner-section elementor-element elementor-element-c7f38fa elementor-section-boxed elementor-section-height-default elementor-section-height-default\" data-id=\"c7f38fa\" data-element_type=\"section\">\n\t\t\t\t\t\t<div class=\"elementor-container elementor-column-gap-no\">\n\t\t\t\t\t<div class=\"elementor-column elementor-col-100 elementor-inner-column elementor-element elementor-element-7faaaf0\" data-id=\"7faaaf0\" data-element_type=\"column\">\n\t\t\t<div class=\"elementor-widget-wrap elementor-element-populated\">\n\t\t\t\t\r\n\t\t<div class=\"elementor-element elementor-element-9a59e01 elementor-widget elementor-widget-text-editor\" data-id=\"9a59e01\" data-element_type=\"widget\" data-widget_type=\"text-editor.default\">\n\t\t\t\t<div class=\"elementor-widget-container\">\n\t\t\t\t\t\t\t\t\t<div class=\"title-area text-center\"><h2 class=\"sec-title\">Kontaktinformationen<\/h2><\/div>\t\t\t\t\t\t\t\t<\/div>\n\t\t\t\t<\/div>\n\t\t\t\t<div class=\"elementor-element elementor-element-cf3e58b elementor-widget elementor-widget-kontacontactinfov2\" data-id=\"cf3e58b\" data-element_type=\"widget\" data-widget_type=\"kontacontactinfov2.default\">\n\t\t\t\t<div class=\"elementor-widget-container\">\n\t\t\t\t\t<div class=\"row gy-4 justify-content-center\"><div class=\"col-xl-4 col-lg-6\"><div class=\"contact-feature\"><div class=\"contact-feature-icon\"><i class=\"fal fa-location-dot\"><\/i><\/div><div class=\"media-body\"><p class=\"contact-feature_label\">Adres<\/p><span class=\"contact-info_text\"> \u0130vedik OSB. 1444. Cadde No: 1 Ostim, Ankara, T\u00fcrkiye<\/span><\/div><\/div><\/div><div class=\"col-xl-4 col-lg-6\"><div class=\"contact-feature\"><div class=\"contact-feature-icon\"><i class=\"fal fa-phone\"><\/i><\/div><div class=\"media-body\"><p class=\"contact-feature_label\">\u0130leti\u015fim Numaras\u0131<\/p><a href=\"tel:+90[312]3940758\" class=\"contact-feature_link\">Telefon: +90 [312] 394 07 58<\/a><a href=\"mailto:info@yildizpolietilen.com\" class=\"contact-feature_link\">Email: info@yildizpolietilen.com<\/a><\/div><\/div><\/div><div class=\"col-xl-4 col-lg-6\"><div class=\"contact-feature\"><div class=\"contact-feature-icon\"><i class=\"fal fa-clock\"><\/i><\/div><div class=\"media-body\"><p class=\"contact-feature_label\">\u00c7al\u0131\u015fma Saatleri<\/p><span class=\"contact-feature_link\">Hafta i\u00e7i: 08:30 - 18:00<\/span>\n                            <span class=\"contact-feature_link\">Cumartesi: 08.30 - 13:00 <\/span>\nPazar: Kapal\u0131<\/div><\/div><\/div><\/div>\t\t\t\t<\/div>\n\t\t\t\t<\/div>\n\t\t\t\t\t<\/div>\n\t\t<\/div>\n\t\t\t\t\t<\/div>\n\t\t<\/section>\n\t\t\t\t\t<\/div>\n\t\t<\/div>\n\t\t\t\t\t<\/div>\n\t\t<\/section>\n\t\t\t\t<section class=\"elementor-section elementor-top-section elementor-element elementor-element-26113b2 elementor-section-full_width elementor-section-height-default elementor-section-height-default\" data-id=\"26113b2\" data-element_type=\"section\">\n\t\t\t\t\t\t<div class=\"elementor-container elementor-column-gap-no\">\n\t\t\t\t\t<div class=\"elementor-column elementor-col-100 elementor-top-column elementor-element elementor-element-70ebc13\" data-id=\"70ebc13\" data-element_type=\"column\">\n\t\t\t<div class=\"elementor-widget-wrap elementor-element-populated\">\n\t\t\t\t\t\t<div class=\"elementor-element elementor-element-347b02e contact-wrap2 elementor-widget elementor-widget-kontacontactform\" data-id=\"347b02e\" data-element_type=\"widget\" data-widget_type=\"kontacontactform.default\">\n\t\t\t\t<div class=\"elementor-widget-container\">\n\t\t\t\t\t<div class=\"wcu-contact-wrap bg-white\"><div class=\"contact-form-wrap\"><div class=\"contact-form\">\n<div class=\"wpcf7 no-js\" id=\"wpcf7-f7-o1\" lang=\"tr-TR\" dir=\"ltr\" data-wpcf7-id=\"7\">\n<div class=\"screen-reader-response\"><p role=\"status\" aria-live=\"polite\" aria-atomic=\"true\"><\/p> <ul><\/ul><\/div>\n<form action=\"\/de\/wp-json\/wp\/v2\/pages\/10229#wpcf7-f7-o1\" method=\"post\" class=\"wpcf7-form init\" aria-label=\"Contact form\" novalidate=\"novalidate\" data-status=\"init\">\n<fieldset class=\"hidden-fields-container\"><input type=\"hidden\" name=\"_wpcf7\" value=\"7\" \/><input type=\"hidden\" name=\"_wpcf7_version\" value=\"6.1.3\" \/><input type=\"hidden\" name=\"_wpcf7_locale\" value=\"tr_TR\" \/><input type=\"hidden\" name=\"_wpcf7_unit_tag\" value=\"wpcf7-f7-o1\" \/><input type=\"hidden\" name=\"_wpcf7_container_post\" value=\"0\" \/><input type=\"hidden\" name=\"_wpcf7_posted_data_hash\" value=\"\" \/>\n<\/fieldset>\n<div class=\"contact-wrap3\">\n    <div class=\"contact-form-wrap\">\n        <div class=\"quote-form\">\n            <h3 class=\"form-title\">Mesaj G\u00f6nderin<\/h3>\n            <div class=\"row\">\n                <!-- Ad\u0131n\u0131z -->\n                <div class=\"col-md-6\">\n                    <div class=\"form-group\">\n                        <span class=\"wpcf7-form-control-wrap\" data-name=\"your-name\"><input size=\"40\" maxlength=\"400\" class=\"wpcf7-form-control wpcf7-text wpcf7-validates-as-required form-control\" id=\"your-name\" autocomplete=\"name\" aria-required=\"true\" aria-invalid=\"false\" placeholder=\"Ad\u0131n\u0131z\" value=\"\" type=\"text\" name=\"your-name\" \/><\/span>\n                        <i class=\"fal fa-user\"><\/i>\n                    <\/div>\n                <\/div>\n                <!-- E-posta Adresi -->\n                <div class=\"col-md-6\">\n                    <div class=\"form-group\">\n                        <span class=\"wpcf7-form-control-wrap\" data-name=\"your-email\"><input size=\"40\" maxlength=\"400\" class=\"wpcf7-form-control wpcf7-email wpcf7-validates-as-required wpcf7-text wpcf7-validates-as-email form-control\" id=\"your-email\" autocomplete=\"email\" aria-required=\"true\" aria-invalid=\"false\" placeholder=\"E-posta Adresi\" value=\"\" type=\"email\" name=\"your-email\" \/><\/span>\n                        <i class=\"fal fa-envelope\"><\/i>\n                    <\/div>\n                <\/div>\n                <!-- Telefon Numaras\u0131 -->\n                <div class=\"col-12\">\n                    <div class=\"form-group\">\n                        <span class=\"wpcf7-form-control-wrap\" data-name=\"tel-406\"><input size=\"40\" maxlength=\"400\" class=\"wpcf7-form-control wpcf7-tel wpcf7-validates-as-required wpcf7-text wpcf7-validates-as-tel form-control\" id=\"tel-406\" aria-required=\"true\" aria-invalid=\"false\" placeholder=\"Telefon Numaras\u0131\" value=\"\" type=\"tel\" name=\"tel-406\" \/><\/span>\n                        <i class=\"fal fa-phone\"><\/i>\n                    <\/div>\n                <\/div>\n                <!-- Konu -->\n                <div class=\"col-12\">\n                    <div class=\"form-group\">\n                        <span class=\"wpcf7-form-control-wrap\" data-name=\"your-subject\"><input size=\"40\" maxlength=\"400\" class=\"wpcf7-form-control wpcf7-text wpcf7-validates-as-required form-control\" id=\"your-subject\" aria-required=\"true\" aria-invalid=\"false\" placeholder=\"Konu\" value=\"\" type=\"text\" name=\"your-subject\" \/><\/span>\n                        <i class=\"fal fa-tag\"><\/i>\n                    <\/div>\n                <\/div>\n                <!-- Mesaj\u0131n\u0131z -->\n                <div class=\"col-12\">\n                    <div class=\"form-group\">\n                        <span class=\"wpcf7-form-control-wrap\" data-name=\"your-message\"><textarea cols=\"40\" rows=\"10\" maxlength=\"2000\" class=\"wpcf7-form-control wpcf7-textarea form-control\" id=\"your-message\" aria-invalid=\"false\" placeholder=\"Mesaj\u0131n\u0131z\" name=\"your-message\"><\/textarea><\/span>\n                        <i class=\"fal fa-comment\"><\/i>\n                    <\/div>\n                <\/div>\n                <!-- G\u00f6nder Butonu -->\n                <div class=\"form-btn col-12\">\n                    <input class=\"wpcf7-form-control wpcf7-submit has-spinner th-btn\" type=\"submit\" value=\"G\u00f6nder\" \/>\n                <\/div>\n            <\/div>\n            <p class=\"form-messages mb-0 mt-3\"><\/p>\n        <\/div>\n    <\/div>\n<\/div><div class=\"wpcf7-response-output\" aria-hidden=\"true\"><\/div>\n<\/form>\n<\/div>\n<\/div><\/div><\/div>\t\t\t\t<\/div>\n\t\t\t\t<\/div>\n\t\t\t\t<div class=\"elementor-element elementor-element-c4d41e6 elementor-widget elementor-widget-google_maps\" data-id=\"c4d41e6\" data-element_type=\"widget\" data-widget_type=\"google_maps.default\">\n\t\t\t\t<div class=\"elementor-widget-container\">\n\t\t\t\t\t\t\t<div class=\"elementor-custom-embed\">\n\t\t\t<iframe loading=\"lazy\"\n\t\t\t\t\tsrc=\"https:\/\/maps.google.com\/maps?q=%20%C4%B0vedik%20Organize%20Sanayi%20B%C3%B6lgesi%201467.%20Cadde%20%2C%201444.%20Sok.%20No%3A%201%20Ostim%2C%20Ankara%2C%20T%C3%BCrkiye&#038;t=m&#038;z=10&#038;output=embed&#038;iwloc=near\"\n\t\t\t\t\ttitle=\" \u0130vedik Organize Sanayi B\u00f6lgesi 1467. Cadde , 1444. Sok. No: 1 Ostim, Ankara, T\u00fcrkiye\"\n\t\t\t\t\taria-label=\" \u0130vedik Organize Sanayi B\u00f6lgesi 1467. Cadde , 1444. Sok. No: 1 Ostim, Ankara, T\u00fcrkiye\"\n\t\t\t><\/iframe>\n\t\t<\/div>\n\t\t\t\t\t\t<\/div>\n\t\t\t\t<\/div>\n\t\t\t\t\t<\/div>\n\t\t<\/div>\n\t\t\t\t\t<\/div>\n\t\t<\/section>\n\t\t\t\t<\/div>\n\t\t","protected":false},"excerpt":{"rendered":"<p>Kontaktinformationen Adres \u0130vedik OSB. 1444. Cadde No: 1 Ostim, Ankara, T\u00fcrkiye \u0130leti\u015fim Numaras\u0131 Telefon: +90 [312] 394 07 58Email: info@yildizpolietilen.com \u00c7al\u0131\u015fma Saatleri Hafta i\u00e7i: 08:30 &#8211; 18:00 Cumartesi: 08.30 &#8211; 13:00 Pazar: Kapal\u0131 Mesaj G\u00f6nderin<\/p>\n","protected":false},"author":1,"featured_media":0,"parent":0,"menu_order":0,"comment_status":"closed","ping_status":"closed","template":"template-builder.php","meta":{"pgc_sgb_lightbox_settings":"","footnotes":""},"class_list":["post-10229","page","type-page","status-publish","hentry"],"_links":{"self":[{"href":"https:\/\/www.yildizpolietilen.com\/de\/wp-json\/wp\/v2\/pages\/10229","targetHints":{"allow":["GET"]}}],"collection":[{"href":"https:\/\/www.yildizpolietilen.com\/de\/wp-json\/wp\/v2\/pages"}],"about":[{"href":"https:\/\/www.yildizpolietilen.com\/de\/wp-json\/wp\/v2\/types\/page"}],"author":[{"embeddable":true,"href":"https:\/\/www.yildizpolietilen.com\/de\/wp-json\/wp\/v2\/users\/1"}],"replies":[{"embeddable":true,"href":"https:\/\/www.yildizpolietilen.com\/de\/wp-json\/wp\/v2\/comments?post=10229"}],"version-history":[{"count":5,"href":"https:\/\/www.yildizpolietilen.com\/de\/wp-json\/wp\/v2\/pages\/10229\/revisions"}],"predecessor-version":[{"id":19499,"href":"https:\/\/www.yildizpolietilen.com\/de\/wp-json\/wp\/v2\/pages\/10229\/revisions\/19499"}],"wp:attachment":[{"href":"https:\/\/www.yildizpolietilen.com\/de\/wp-json\/wp\/v2\/media?parent=10229"}],"curies":[{"name":"wp","href":"https:\/\/api.w.org\/{rel}","templated":true}]}}