{"id":10141,"date":"2023-10-09T07:54:28","date_gmt":"2023-10-09T04:54:28","guid":{"rendered":"https:\/\/yildizpolietilen.com\/hakkimizda\/"},"modified":"2025-06-24T15:08:04","modified_gmt":"2025-06-24T12:08:04","slug":"uber-uns","status":"publish","type":"page","link":"https:\/\/www.yildizpolietilen.com\/de\/uber-uns\/","title":{"rendered":"\u00dcber uns"},"content":{"rendered":"\t\t<div data-elementor-type=\"wp-page\" data-elementor-id=\"10141\" class=\"elementor elementor-10141 elementor-10138\" data-elementor-post-type=\"page\">\n\t\t\t\t\t\t<section class=\"elementor-section elementor-top-section elementor-element elementor-element-a7c31c3 elementor-section-full_width elementor-section-height-default elementor-section-height-default\" data-id=\"a7c31c3\" data-element_type=\"section\" data-settings=\"{&quot;background_background&quot;:&quot;classic&quot;}\">\n\t\t\t\t\t\t<div class=\"elementor-container elementor-column-gap-no\">\n\t\t\t\t\t<div class=\"elementor-column elementor-col-100 elementor-top-column elementor-element elementor-element-bc0bd27\" data-id=\"bc0bd27\" data-element_type=\"column\">\n\t\t\t<div class=\"elementor-widget-wrap elementor-element-populated\">\n\t\t\t\t\t\t<section class=\"elementor-section elementor-inner-section elementor-element elementor-element-2a3f745 elementor-section-boxed elementor-section-height-default elementor-section-height-default\" data-id=\"2a3f745\" data-element_type=\"section\">\n\t\t\t\t\t\t<div class=\"elementor-container elementor-column-gap-no\">\n\t\t\t\t\t<div class=\"elementor-column elementor-col-50 elementor-inner-column elementor-element elementor-element-095a510\" data-id=\"095a510\" data-element_type=\"column\">\n\t\t\t<div class=\"elementor-widget-wrap elementor-element-populated\">\n\t\t\t\t\r\n\t\t<div class=\"elementor-element elementor-element-ca9850f elementor-widget elementor-widget-kontagroupimage\" data-id=\"ca9850f\" data-element_type=\"widget\" data-widget_type=\"kontagroupimage.default\">\n\t\t\t\t<div class=\"elementor-widget-container\">\n\t\t\t\t\t<div class=\"img-box1\"><div class=\"img1\"><img decoding=\"async\" src=\"https:\/\/yildizpolietilen.com\/wp-content\/uploads\/2024\/11\/1-1.png\" alt=\"1 1\"  class=\"tilt-active\" \/><\/div><div class=\"about-grid\"><h3 class=\"about-grid_year\"><span class=\"counter-number\">24<\/span>+<\/h3><p class=\"about-grid_text\">HDPE Altyap\u0131 Sistemlerinde Deneyim<\/p><\/div><div class=\"img2\"><img decoding=\"async\" src=\"https:\/\/yildizpolietilen.com\/wp-content\/uploads\/2024\/11\/2-1.png\" alt=\"2 1\"  class=\"tilt-active\" \/><\/div><div class=\"shape-mockup about-shape1 jump\" data-left=\"-67px\" data-bottom=\"0\"><img decoding=\"async\" src=\"https:\/\/themeholy.com\/wordpress\/konta\/wp-content\/uploads\/2023\/09\/about_1_shape1.png\" alt=\"about_1_shape1\"  \/><\/div><\/div>\t\t\t\t<\/div>\n\t\t\t\t<\/div>\n\t\t\t\t\t<\/div>\n\t\t<\/div>\n\t\t\t\t<div class=\"elementor-column elementor-col-50 elementor-inner-column elementor-element elementor-element-4714f0e\" data-id=\"4714f0e\" data-element_type=\"column\">\n\t\t\t<div class=\"elementor-widget-wrap elementor-element-populated\">\n\t\t\t\t\t\t<div class=\"elementor-element elementor-element-94d5b29 elementor-widget elementor-widget-kontasectiontitle\" data-id=\"94d5b29\" data-element_type=\"widget\" data-widget_type=\"kontasectiontitle.default\">\n\t\t\t\t<div class=\"elementor-widget-container\">\n\t\t\t\t\t<div class=\"title-area mb-30\" ><span class=\" sub-title subtitle-selector\">Y\u0131ld\u0131z Polietilen Hakk\u0131nda<\/span><h2 class=\"sec-title  title-selector\">Her Proje \u0130\u00e7in \u00d6zelle\u015ftirilmi\u015f Geni\u015f \u00dcr\u00fcn Yelpazesi<\/h2><\/div><p class=\"desc-selector\">Deneyimli ekibimiz ve son teknoloji \u00fcretim tesislerimizle, \u00e7e\u015fitli HDPE ek par\u00e7a t\u00fcrlerini, y\u00fcksek kalite standartlar\u0131nda \u00fcretiyoruz. M\u00fc\u015fteri memnuniyetini \u00f6nceliklendiren yakla\u015f\u0131m\u0131m\u0131z ve esnek \u00fcretim yetene\u011fimiz, her t\u00fcrl\u00fc projeye \u00f6zel \u00e7\u00f6z\u00fcmler sunarak ihtiya\u00e7lar\u0131n\u0131z\u0131 kar\u015f\u0131l\u0131yoruz.<\/p>\t\t\t\t<\/div>\n\t\t\t\t<\/div>\n\t\t\t\t<div class=\"elementor-element elementor-element-be38a66 elementor-widget elementor-widget-kontafeature\" data-id=\"be38a66\" data-element_type=\"widget\" data-widget_type=\"kontafeature.default\">\n\t\t\t\t<div class=\"elementor-widget-container\">\n\t\t\t\t\t<div class=\"about-grid2\"><div class=\"icon\"><img decoding=\"async\" src=\"https:\/\/themeholy.com\/wordpress\/konta\/wp-content\/uploads\/2023\/09\/about-grid-icon1.svg\" alt=\"about grid icon1\"  \/><\/div><div class=\"about-grid-details\"><h3 class=\"about-grid_title title-selector h6\">\u00d6nceli\u011fimiz M\u00fc\u015fteri Memnuniyeti<\/h3><p class=\"desc-selector\">M\u00fc\u015fterilerimizin ihtiya\u00e7lar\u0131n\u0131 tam olarak anlayarak beklentilerinin \u00fczerinde, uluslararas\u0131 standartta \u00fcr\u00fcn ve hizmet kalitesi sunmay\u0131 hedefliyoruz. Bizim i\u00e7in ba\u015far\u0131n\u0131n en \u00f6nemli k\u0131stas\u0131, m\u00fc\u015fteri memnuniyetidir.<\/p><\/div><\/div><div class=\"about-grid2\"><div class=\"icon\"><img decoding=\"async\" src=\"https:\/\/themeholy.com\/wordpress\/konta\/wp-content\/uploads\/2023\/09\/about-grid-icon2.svg\" alt=\"about grid icon2\"  \/><\/div><div class=\"about-grid-details\"><h3 class=\"about-grid_title title-selector h6\">L\u0130DERL\u0130K FORM\u00dcL\u00dcM\u00dcZ: \u0130\u015e B\u0130RL\u0130\u011e\u0130 VE DAYANI\u015eMA<\/h3><p class=\"desc-selector\">Birlikte \u00e7al\u0131\u015fman\u0131n g\u00fcc\u00fcne inanarak, ortak hedeflerimize ula\u015fmak i\u00e7in ekibimizle el ele veriyoruz. \u0130\u015f birli\u011fi ve dayan\u0131\u015fma, ba\u015far\u0131m\u0131z\u0131n temel ta\u015flar\u0131d\u0131r.<\/p><\/div><\/div>\t\t\t\t<\/div>\n\t\t\t\t<\/div>\n\t\t\t\t\t<\/div>\n\t\t<\/div>\n\t\t\t\t\t<\/div>\n\t\t<\/section>\n\t\t\t\t\t<\/div>\n\t\t<\/div>\n\t\t\t\t\t<\/div>\n\t\t<\/section>\n\t\t\t\t<section class=\"elementor-section elementor-top-section elementor-element elementor-element-903216f elementor-section-full_width elementor-section-height-default elementor-section-height-default\" data-id=\"903216f\" data-element_type=\"section\" data-settings=\"{&quot;background_background&quot;:&quot;classic&quot;}\">\n\t\t\t\t\t\t<div class=\"elementor-container elementor-column-gap-no\">\n\t\t\t\t\t<div class=\"elementor-column elementor-col-100 elementor-top-column elementor-element elementor-element-8271317\" data-id=\"8271317\" data-element_type=\"column\">\n\t\t\t<div class=\"elementor-widget-wrap elementor-element-populated\">\n\t\t\t\t\t\t<div class=\"elementor-element elementor-element-78afe7e elementor-widget elementor-widget-text-editor\" data-id=\"78afe7e\" data-element_type=\"widget\" data-widget_type=\"text-editor.default\">\n\t\t\t\t<div class=\"elementor-widget-container\">\n\t\t\t\t\t\t\t\t\t<p><b style=\"color: var(--body-color); font-family: var(--body-font); text-align: justify;\"><span style=\"font-size: 12.0pt; font-family: 'Times New Roman',serif; mso-fareast-font-family: 'Times New Roman'; color: black; mso-themecolor: text1; mso-fareast-language: TR;\">Yildiz Polyethylen ist eine Marke, die mit innovativen L\u00f6sungen w\u00e4chst.<\/span><\/b><\/p><p>Y\u0131ld\u0131z Polyethylene m\u00f6chte nicht nur mit seinen Produkten, sondern auch mit den innovativen L\u00f6sungen, die es seinen Kunden bietet, ein Vorreiter in der Branche sein. Ausgehend von Ankara und dem Ausbau seiner Anlagen in der K\u0131r\u0131kkale Organized Industrial Zone, erf\u00fcllt das Unternehmen nicht nur die Bed\u00fcrfnisse der T\u00fcrkei, sondern auch vieler L\u00e4nder auf der ganzen Welt bei der Herstellung von Trinkwasser- und Erdgaskomponenten.   <\/p><p>Y\u0131ld\u0131z Polyethylene begann seine Reise im Jahr 2008 mit der Vision, ein \u201ePionierunternehmen\u201c im Bereich der Trinkwasser- und Erdgasarmaturen zu sein, als Eckpfeiler von 30 Jahren kommerzieller Erfahrung und Know-how. Das Unternehmen wurde in der Ankara Ostim Organized Industrial Zone gegr\u00fcndet und hat mit der Herstellung von Spezialbereichen, Stutzen und Bekleidung f\u00fcr frischen Wind in der Branche gesorgt.   <\/p><p><strong>Y\u0131ld\u0131z Polyethylene, das sich st\u00e4ndig erneuert, indem es die technologischen Entwicklungen genau verfolgt, bietet Produkte und Dienstleistungen nach internationalen Qualit\u00e4tsstandards an, um jeden Tag das Beste zu bieten und immer das Beste zu sein, nach dem Motto \u201eFor the Best\u201c.<\/strong><\/p><p>Nach seiner Gr\u00fcndung hat es im Rahmen des Strategieplans seine Kapazit\u00e4t in kurzer Zeit schnell erh\u00f6ht und 2011 seine neue Fabrik mit einer geschlossenen Fl\u00e4che von 2.500 m\u00b2 auf einer Freifl\u00e4che von 10.000 m\u00b2 in der K\u0131r\u0131kkale Organized Industrial Zone gebaut. Mit 20 Produktionslinien f\u00fcr Kunststoffspritzguss von 200 Gramm bis 30 Kilogramm hat es die Kapazit\u00e4t erreicht, Zapfenaufs\u00e4tze von 32 mm bis 315 mm und Kleidungsst\u00fccke von 20 mm bis 1600 mm herzustellen.   <\/p><p>Im Jahr 2018 setzte das Unternehmen seinen Durchbruch in der K\u0131r\u0131kkale Organized Industrial Zone fort und errichtete seine zweite Fabrik mit einer geschlossenen Fl\u00e4che von 4.000 m\u00b2 auf einer Fl\u00e4che von 10.000 m\u00b2. In seiner zweiten Fabrik in K\u0131r\u0131kkale begann das Unternehmen, Produkte und Dienstleistungen mit seinem international akkreditierten Labor, 15 Kunststoffspritzguss-, Stahlflansch-, Galvanisierungs- und Kunststoffverarbeitungszentren anzubieten.   <\/p><p>Mit 35 Kunststoff-Spritzgie\u00dfmaschinen von 200 Gramm bis 40 Kilogramm erreichte das Unternehmen 2021 die Kapazit\u00e4t zur Herstellung von Stutzenfittings von 20 mm bis 630 mm, Elektroschwei\u00dfmuffen von 20 mm bis 1600 mm, Stahlflanschen bis 2.500 mm und Bekleidungsfittings und Spezialsammlern bis 1600 mm und begann mit der Herstellung von Elektroschwei\u00dffittings.<\/p><p><strong>Kraft aus der Vergangenheit: Als Erbe von 43 Jahren Erfahrung produziert und w\u00e4chst Yildiz Polyethylen auch im 17. Jahr weiter!  <\/strong><\/p><p>Y\u0131ld\u0131z Polyethylene produziert auf einer Gesamtfl\u00e4che von 25.000 m\u00b2 mit einer geschlossenen Fl\u00e4che von 9.000 m\u00b2 mit einer Kapazit\u00e4t von 200 Gramm bis 70 Kilogramm mit 46 hochmodernen Kunststoffspritzlinien. Es bietet eine breite Produktpalette mit einer Fertigungslinie f\u00fcr Stutzen bis 630 mm, Elektroschwei\u00dfmuffen, Elektroschwei\u00dffittings und Service-T-St\u00fccke bis 1.600 mm, einer Stahlflanschlinie mit einer Verarbeitungskapazit\u00e4t von 2.500 mm und einer Fertigungslinie f\u00fcr alle Arten von Spezial- und Bekleidungsfittings bis 1.600 mm.   <\/p><p>Y\u0131ld\u0131z Polyethylene ist eine Marke, die sich mit ihren TSE-, WRAS-, GOST-, ISO 9001-, ISO 14001- und OHSAS-Qualit\u00e4tszertifikaten Tag f\u00fcr Tag verbessert und nach dem Grundsatz und Bewusstsein handelt, dass \u201eQualit\u00e4t das Grundprinzip der Produktion ist\u201c.<\/p><p>Y\u0131ld\u0131z Polyethylen untermauert seine Zuverl\u00e4ssigkeit mit einem international akkreditierten Labor sowie nationalen und internationalen Qualit\u00e4tszertifikaten, die sein Engagement f\u00fcr Qualit\u00e4t belegen.<\/p><p>Y\u0131ld\u0131z Polietilen liefert seine Produkte und Dienstleistungen in jeden Winkel der T\u00fcrkei und in 54 L\u00e4nder, darunter Europa, Asien, Afrika und die Golfstaaten, und hat sich zum Ziel gesetzt, ein Pionier in seinem Sektor zu sein.<\/p><p><strong>Qualit\u00e4t und Innovation treffen in jedem unserer Produkte harmonisch aufeinander.<\/strong><\/p>\t\t\t\t\t\t\t\t<\/div>\n\t\t\t\t<\/div>\n\t\t\t\t\t<\/div>\n\t\t<\/div>\n\t\t\t\t\t<\/div>\n\t\t<\/section>\n\t\t\t\t<section class=\"elementor-section elementor-top-section elementor-element elementor-element-b4b3aeb elementor-section-full_width elementor-section-height-default elementor-section-height-default\" data-id=\"b4b3aeb\" data-element_type=\"section\">\n\t\t\t\t\t\t<div class=\"elementor-container elementor-column-gap-no\">\n\t\t\t\t\t<div class=\"elementor-column elementor-col-100 elementor-top-column elementor-element elementor-element-f03291b\" data-id=\"f03291b\" data-element_type=\"column\">\n\t\t\t<div class=\"elementor-widget-wrap\">\n\t\t\t\t\t\t\t<\/div>\n\t\t<\/div>\n\t\t\t\t\t<\/div>\n\t\t<\/section>\n\t\t\t\t<\/div>\n\t\t","protected":false},"excerpt":{"rendered":"<p>24+ HDPE Altyap\u0131 Sistemlerinde Deneyim Y\u0131ld\u0131z Polietilen Hakk\u0131nda Her Proje \u0130\u00e7in \u00d6zelle\u015ftirilmi\u015f Geni\u015f \u00dcr\u00fcn Yelpazesi Deneyimli ekibimiz ve son teknoloji \u00fcretim tesislerimizle, \u00e7e\u015fitli HDPE ek par\u00e7a t\u00fcrlerini, y\u00fcksek kalite standartlar\u0131nda \u00fcretiyoruz. M\u00fc\u015fteri memnuniyetini \u00f6nceliklendiren yakla\u015f\u0131m\u0131m\u0131z ve esnek \u00fcretim yetene\u011fimiz, her t\u00fcrl\u00fc projeye \u00f6zel \u00e7\u00f6z\u00fcmler sunarak ihtiya\u00e7lar\u0131n\u0131z\u0131 kar\u015f\u0131l\u0131yoruz. \u00d6nceli\u011fimiz M\u00fc\u015fteri Memnuniyeti M\u00fc\u015fterilerimizin ihtiya\u00e7lar\u0131n\u0131 tam olarak anlayarak&#8230;<\/p>\n","protected":false},"author":1,"featured_media":0,"parent":0,"menu_order":0,"comment_status":"closed","ping_status":"closed","template":"template-builder.php","meta":{"pgc_sgb_lightbox_settings":"","footnotes":""},"class_list":["post-10141","page","type-page","status-publish","hentry"],"_links":{"self":[{"href":"https:\/\/www.yildizpolietilen.com\/de\/wp-json\/wp\/v2\/pages\/10141","targetHints":{"allow":["GET"]}}],"collection":[{"href":"https:\/\/www.yildizpolietilen.com\/de\/wp-json\/wp\/v2\/pages"}],"about":[{"href":"https:\/\/www.yildizpolietilen.com\/de\/wp-json\/wp\/v2\/types\/page"}],"author":[{"embeddable":true,"href":"https:\/\/www.yildizpolietilen.com\/de\/wp-json\/wp\/v2\/users\/1"}],"replies":[{"embeddable":true,"href":"https:\/\/www.yildizpolietilen.com\/de\/wp-json\/wp\/v2\/comments?post=10141"}],"version-history":[{"count":3,"href":"https:\/\/www.yildizpolietilen.com\/de\/wp-json\/wp\/v2\/pages\/10141\/revisions"}],"predecessor-version":[{"id":19494,"href":"https:\/\/www.yildizpolietilen.com\/de\/wp-json\/wp\/v2\/pages\/10141\/revisions\/19494"}],"wp:attachment":[{"href":"https:\/\/www.yildizpolietilen.com\/de\/wp-json\/wp\/v2\/media?parent=10141"}],"curies":[{"name":"wp","href":"https:\/\/api.w.org\/{rel}","templated":true}]}}