{"id":10094,"date":"2024-08-13T16:48:30","date_gmt":"2024-08-13T13:48:30","guid":{"rendered":"https:\/\/yildizpolietilen.com\/egitim-yonetimi\/"},"modified":"2025-06-24T15:08:57","modified_gmt":"2025-06-24T12:08:57","slug":"bildungsmanagement","status":"publish","type":"page","link":"https:\/\/www.yildizpolietilen.com\/de\/bildungsmanagement\/","title":{"rendered":"Bildungsmanagement"},"content":{"rendered":"\t\t<div data-elementor-type=\"wp-page\" data-elementor-id=\"10094\" class=\"elementor elementor-10094 elementor-10092\" data-elementor-post-type=\"page\">\n\t\t\t\t\t\t<section class=\"elementor-section elementor-top-section elementor-element elementor-element-6089c940 elementor-section-full_width elementor-section-height-default elementor-section-height-default\" data-id=\"6089c940\" data-element_type=\"section\">\n\t\t\t\t\t\t<div class=\"elementor-container elementor-column-gap-no\">\n\t\t\t\t\t<div class=\"elementor-column elementor-col-100 elementor-top-column elementor-element elementor-element-3e556b33\" data-id=\"3e556b33\" data-element_type=\"column\">\n\t\t\t<div class=\"elementor-widget-wrap elementor-element-populated\">\n\t\t\t\t\r\n\t\t<div class=\"elementor-element elementor-element-562a6dbd elementor-widget elementor-widget-kontabanner\" data-id=\"562a6dbd\" data-element_type=\"widget\" data-widget_type=\"kontabanner.default\">\n\t\t\t\t<div class=\"elementor-widget-container\">\n\t\t\t\t\t<div class=\"th-hero-wrapper hero-2\" id=\"hero\"><div class=\"hero-slider-2 th-carousel\" id=\"heroSlide6\" data-slide-show=\"1\" data-md-slide-show=\"1\" data-fade=\"true\"><div class=\"th-hero-slide\"><div class=\"th-hero-bg\" data-bg-src=\"https:\/\/yildizpolietilen.com\/wp-content\/uploads\/2024\/11\/pexels-photo-3184418.webp\"><img decoding=\"async\" src=\"https:\/\/themeholy.com\/wordpress\/konta\/wp-content\/uploads\/2023\/09\/hero_overlay_2.png\" alt=\"hero_overlay_2\"  \/><\/div><div class=\"big-text\" data-ani=\"slideindown\" data-ani-delay=\"0.2s\">Y\u0131ld\u0131z Polietilen<\/div><div class=\"container th-container\"><div class=\"hero-style2\"><h1 class=\"hero-title text-white\" data-ani=\"slideindown\" data-ani-delay=\"0.4s\">E\u011fitim<\/h1><h1 class=\"hero-title text-white\" data-ani=\"slideindown\" data-ani-delay=\"0.1s\"><span class=\"text-theme\"> Y\u00f6netimi <\/span><\/h1><p class=\"hero-text\" data-ani=\"slideinup\" data-ani-delay=\"0.1s\">Y\u0131ld\u0131z Polietilen olarak, \u00e7al\u0131\u015fanlar\u0131m\u0131z\u0131n yetkinliklerini art\u0131rmak i\u00e7in s\u00fcrekli \u00f6\u011frenme ve geli\u015fim f\u0131rsatlar\u0131 sunuyoruz.<\/p><div class=\"btn-group\" data-ani=\"slideinup\" data-ani-delay=\"0.5s\"><\/div><\/div><\/div><\/div><\/div><div class=\"icon-box\"><button data-slick-prev=\"#heroSlide6\" class=\"slick-arrow default\"><i class=\"far fa-chevron-left\"><\/i><\/button><button data-slick-next=\"#heroSlide6\" class=\"slick-arrow default\"><i class=\"far fa-chevron-right\"><\/i><\/button><\/div><\/div>\t\t\t\t<\/div>\n\t\t\t\t<\/div>\n\t\t\t\t\t<\/div>\n\t\t<\/div>\n\t\t\t\t\t<\/div>\n\t\t<\/section>\n\t\t<div class=\"elementor-element elementor-element-d4a2852 e-flex e-con-boxed e-con e-parent\" data-id=\"d4a2852\" data-element_type=\"container\">\n\t\t\t\t\t<div class=\"e-con-inner\">\n\t\t\t\t<div class=\"elementor-element elementor-element-b2a3370 elementor-widget elementor-widget-spacer\" data-id=\"b2a3370\" data-element_type=\"widget\" data-widget_type=\"spacer.default\">\n\t\t\t\t<div class=\"elementor-widget-container\">\n\t\t\t\t\t\t\t<div class=\"elementor-spacer\">\n\t\t\t<div class=\"elementor-spacer-inner\"><\/div>\n\t\t<\/div>\n\t\t\t\t\t\t<\/div>\n\t\t\t\t<\/div>\n\t\t\t\t\t<\/div>\n\t\t\t\t<\/div>\n\t\t<div class=\"elementor-element elementor-element-723cc03 e-flex e-con-boxed e-con e-parent\" data-id=\"723cc03\" data-element_type=\"container\">\n\t\t\t\t\t<div class=\"e-con-inner\">\n\t\t<div class=\"elementor-element elementor-element-01873ab e-con-full e-flex e-con e-child\" data-id=\"01873ab\" data-element_type=\"container\">\n\t\t\t\t<\/div>\n\t\t<div class=\"elementor-element elementor-element-2ff4c08 e-con-full e-flex e-con e-child\" data-id=\"2ff4c08\" data-element_type=\"container\">\n\t\t\t\t<div class=\"elementor-element elementor-element-f5b0f12 elementor-widget elementor-widget-text-editor\" data-id=\"f5b0f12\" data-element_type=\"widget\" data-widget_type=\"text-editor.default\">\n\t\t\t\t<div class=\"elementor-widget-container\">\n\t\t\t\t\t\t\t\t\t<h3 data-sourcepos=\"3:1-3:356\">Bildungsmanagement<\/h3>\n<p>Als Y\u0131ld\u0131z Polietilen wollen wir unsere Unternehmensziele erreichen, indem wir das kontinuierliche Lernen und die Entwicklung unserer Mitarbeiter unterst\u00fctzen. Unser Schulungsmanagementsystem, das wir in dieser Richtung geschaffen haben, soll unseren Mitarbeitern helfen, ihre Kenntnisse und F\u00e4higkeiten auf dem neuesten Stand zu halten, neue Kompetenzen zu erwerben und ihre Karriereziele zu erreichen.   <\/p>\n<h3 class=\"\" data-sourcepos=\"5:1-5:29\">Unser Bildungsmanagement-Prozess<\/h3>\n<p data-sourcepos=\"7:1-7:106\">Unser Schulungsmanagementprozess ist auf die Bed\u00fcrfnisse unserer Mitarbeiter und die Ziele des Unternehmens abgestimmt. Der Prozess umfasst die folgenden Schritte:   <\/p>\n<ol data-sourcepos=\"9:1-10:231\">\n<li data-sourcepos=\"9:1-9:223\"><strong>Bed\u00fcrfnisanalyse:<\/strong> Der Entwicklungsbedarf der Mitarbeiter und des Unternehmens wird regelm\u00e4\u00dfig analysiert. Diese Analysen werden unter Ber\u00fccksichtigung der Ergebnisse der Leistungsbewertung, des Feedbacks der Mitarbeiter und der Unternehmensstrategien durchgef\u00fchrt.   <\/li>\n<li data-sourcepos=\"10:1-10:231\"><strong>Entwurf von Schulungsprogrammen:<\/strong> Je nach den ermittelten Bed\u00fcrfnissen werden verschiedene Schulungsprogramme entworfen. Diese Programme k\u00f6nnen Pr\u00e4senzschulungen, Online-Schulungen, Seminare, Workshops und Mentorenprogramme umfassen.   <\/li>\n<li data-sourcepos=\"11:1-11:164\"><strong>Implementierung von Schulungen:<\/strong> Die entwickelten Schulungsprogramme werden von erfahrenen Ausbildern durchgef\u00fchrt. Die Schulungen werden mit interaktiven und partizipativen Methoden durchgef\u00fchrt.   <\/li>\n<li data-sourcepos=\"12:1-12:159\"><strong>Bewertung der Schulungen:<\/strong> Die Wirksamkeit der Schulungen wird anhand des Feedbacks der Teilnehmer und der nach der Schulung erzielten Ergebnisse bewertet.<\/li>\n<li data-sourcepos=\"13:1-14:0\"><strong>Wissen teilen:<\/strong> Die in den Schulungen gewonnenen Informationen werden mit allen Mitarbeitern geteilt und es wird eine Kultur des Informationsaustauschs im gesamten Unternehmen geschaffen.<\/li>\n<\/ol>\n<h3 class=\"\" data-sourcepos=\"15:1-15:22\">Bildung Bereiche<\/h3>\n<p data-sourcepos=\"17:1-17:95\">Um zur Entwicklung unserer Mitarbeiter beizutragen, organisieren wir Schulungen zu den folgenden Themen:<\/p>\n<ul data-sourcepos=\"19:1-21:54\">\n<li data-sourcepos=\"19:1-19:169\"><strong>Technische Schulungen:<\/strong> Schulungen, die darauf abzielen, die technischen Kenntnisse und F\u00e4higkeiten zu entwickeln, die unsere Mitarbeiter ben\u00f6tigen, um ihre Aufgaben besser zu erf\u00fcllen.<\/li>\n<li data-sourcepos=\"20:1-20:143\"><strong>Soft Skills Schulungen:<\/strong> Schulungen zur Entwicklung von Soft Skills wie F\u00fchrung, Kommunikation, Teamarbeit und Probleml\u00f6sung.<\/li>\n<li data-sourcepos=\"21:1-21:54\"><strong>Management (Leadership) Schulungen:<\/strong> Schulungen f\u00fcr unsere Manager zu Themen wie Managementf\u00e4higkeiten, strategisches Denken und Entscheidungsfindung.<\/li>\n<li data-sourcepos=\"22:1-22:134\"><strong>Sprachkurse:<\/strong> Mit Fremdsprachentrainings versetzen wir unsere Mitarbeiter in die Lage, auf dem internationalen Parkett effektiver zu kommunizieren.<\/li>\n<li data-sourcepos=\"23:1-24:0\"><strong>Schulungen zur pers\u00f6nlichen Entwicklung:<\/strong> Wir unterst\u00fctzen die pers\u00f6nliche Entwicklung unserer Mitarbeiter, indem wir Schulungen zu Themen wie Stressmanagement, Zeitmanagement und Motivation veranstalten.<\/li>\n<\/ul>\n<h3 class=\"\" data-sourcepos=\"25:1-25:18\">Zugang zu Bildung<\/h3>\n<p data-sourcepos=\"27:1-27:223\">Alle unsere Mitarbeiter k\u00f6nnen problemlos auf die Schulungen zugreifen, die sie im Einklang mit ihren Karrierezielen f\u00fcr angemessen halten. \u00dcber unser internes Schulungsportal k\u00f6nnen sie detaillierte Informationen \u00fcber unsere internen und externen Schulungsprogramme abrufen.   <\/p>\t\t\t\t\t\t\t\t<\/div>\n\t\t\t\t<\/div>\n\t\t\t\t<\/div>\n\t\t<div class=\"elementor-element elementor-element-d87c099 e-con-full e-flex e-con e-child\" data-id=\"d87c099\" data-element_type=\"container\">\n\t\t\t\t<\/div>\n\t\t\t\t\t<\/div>\n\t\t\t\t<\/div>\n\t\t\t\t<section class=\"elementor-section elementor-top-section elementor-element elementor-element-dfeedd2 elementor-section-boxed elementor-section-height-default elementor-section-height-default\" data-id=\"dfeedd2\" data-element_type=\"section\">\n\t\t\t\t\t\t<div class=\"elementor-container elementor-column-gap-default\">\n\t\t\t\t\t<div class=\"elementor-column elementor-col-100 elementor-top-column elementor-element elementor-element-215fe6b\" data-id=\"215fe6b\" data-element_type=\"column\">\n\t\t\t<div class=\"elementor-widget-wrap elementor-element-populated\">\n\t\t\t\t\t\t<div class=\"elementor-element elementor-element-35d1cd0 elementor-widget elementor-widget-spacer\" data-id=\"35d1cd0\" data-element_type=\"widget\" data-widget_type=\"spacer.default\">\n\t\t\t\t<div class=\"elementor-widget-container\">\n\t\t\t\t\t\t\t<div class=\"elementor-spacer\">\n\t\t\t<div class=\"elementor-spacer-inner\"><\/div>\n\t\t<\/div>\n\t\t\t\t\t\t<\/div>\n\t\t\t\t<\/div>\n\t\t\t\t\t<\/div>\n\t\t<\/div>\n\t\t\t\t\t<\/div>\n\t\t<\/section>\n\t\t\t\t<\/div>\n\t\t","protected":false},"excerpt":{"rendered":"<p>Y\u0131ld\u0131z Polietilen E\u011fitim Y\u00f6netimi Y\u0131ld\u0131z Polietilen olarak, \u00e7al\u0131\u015fanlar\u0131m\u0131z\u0131n yetkinliklerini art\u0131rmak i\u00e7in s\u00fcrekli \u00f6\u011frenme ve geli\u015fim f\u0131rsatlar\u0131 sunuyoruz. Bildungsmanagement Als Y\u0131ld\u0131z Polietilen wollen wir unsere Unternehmensziele erreichen, indem wir das kontinuierliche Lernen und die Entwicklung unserer Mitarbeiter unterst\u00fctzen. Unser Schulungsmanagementsystem, das wir in dieser Richtung geschaffen haben, soll unseren Mitarbeitern helfen, ihre Kenntnisse und F\u00e4higkeiten auf&#8230;<\/p>\n","protected":false},"author":1,"featured_media":0,"parent":0,"menu_order":0,"comment_status":"closed","ping_status":"closed","template":"template-builder.php","meta":{"pgc_sgb_lightbox_settings":"","footnotes":""},"class_list":["post-10094","page","type-page","status-publish","hentry"],"_links":{"self":[{"href":"https:\/\/www.yildizpolietilen.com\/de\/wp-json\/wp\/v2\/pages\/10094","targetHints":{"allow":["GET"]}}],"collection":[{"href":"https:\/\/www.yildizpolietilen.com\/de\/wp-json\/wp\/v2\/pages"}],"about":[{"href":"https:\/\/www.yildizpolietilen.com\/de\/wp-json\/wp\/v2\/types\/page"}],"author":[{"embeddable":true,"href":"https:\/\/www.yildizpolietilen.com\/de\/wp-json\/wp\/v2\/users\/1"}],"replies":[{"embeddable":true,"href":"https:\/\/www.yildizpolietilen.com\/de\/wp-json\/wp\/v2\/comments?post=10094"}],"version-history":[{"count":3,"href":"https:\/\/www.yildizpolietilen.com\/de\/wp-json\/wp\/v2\/pages\/10094\/revisions"}],"predecessor-version":[{"id":19534,"href":"https:\/\/www.yildizpolietilen.com\/de\/wp-json\/wp\/v2\/pages\/10094\/revisions\/19534"}],"wp:attachment":[{"href":"https:\/\/www.yildizpolietilen.com\/de\/wp-json\/wp\/v2\/media?parent=10094"}],"curies":[{"name":"wp","href":"https:\/\/api.w.org\/{rel}","templated":true}]}}