{"id":10058,"date":"2024-07-25T09:41:26","date_gmt":"2024-07-25T06:41:26","guid":{"rendered":"https:\/\/yildizpolietilen.com\/baskanin-mesaji\/"},"modified":"2025-06-24T15:08:34","modified_gmt":"2025-06-24T12:08:34","slug":"botschaft-des-praesidenten","status":"publish","type":"page","link":"https:\/\/www.yildizpolietilen.com\/de\/botschaft-des-praesidenten\/","title":{"rendered":"Botschaft des Pr\u00e4sidenten"},"content":{"rendered":"\t\t<div data-elementor-type=\"wp-page\" data-elementor-id=\"10058\" class=\"elementor elementor-10058 elementor-10055\" data-elementor-post-type=\"page\">\n\t\t\t\t<div class=\"elementor-element elementor-element-537dd43 e-flex e-con-boxed e-con e-parent\" data-id=\"537dd43\" data-element_type=\"container\">\n\t\t\t\t\t<div class=\"e-con-inner\">\n\t\t\r\n\t\t<div class=\"elementor-element elementor-element-337fa72 elementor-widget elementor-widget-drillersectiontitle\" data-id=\"337fa72\" data-element_type=\"widget\" data-widget_type=\"drillersectiontitle.default\">\n\t\t\t\t<div class=\"elementor-widget-container\">\n\t\t\t\t\t<div class=\"title-area\" ><span class=\"sub-title6 title-selector justify-content-center\"><span class=\"shape left\"><span class=\"dots\"><\/span><\/span>Ba\u015fkan\u0131n Mesaj\u0131<span class=\"shape right\"><span class=\"dots\"><\/span><\/span><\/span><\/div>\t\t\t\t<\/div>\n\t\t\t\t<\/div>\n\t\t\t\t\t<\/div>\n\t\t\t\t<\/div>\n\t\t<div class=\"elementor-element elementor-element-1c21c583 e-flex e-con-boxed e-con e-parent\" data-id=\"1c21c583\" data-element_type=\"container\">\n\t\t\t\t\t<div class=\"e-con-inner\">\n\t\t\t\t<div class=\"elementor-element elementor-element-afcb3c9 elementor-widget elementor-widget-drillerteam\" data-id=\"afcb3c9\" data-element_type=\"widget\" data-widget_type=\"drillerteam.default\">\n\t\t\t\t<div class=\"elementor-widget-container\">\n\t\t\t\t\t<div class=\"team_1 arrow-wrap\"><div class=\"row team_slider_3 slider-shadow\"><div class=\"col-md-6 col-lg-4 col-xl-3\"><div class=\"th-team team-grid\"><div class=\"team-content\"><h3 class=\"team-title box-title\"><a  href=\"#\">Abdurrezzak Y\u0131ld\u0131z<\/a><\/h3><span class=\"team-desig\">Y\u00f6netim Kurulu Ba\u015fkan\u0131<\/span><\/div><\/div><\/div><\/div><\/div>\t\t\t\t<\/div>\n\t\t\t\t<\/div>\n\t\t\t\t<div class=\"elementor-element elementor-element-775033c8 elementor-widget elementor-widget-text-editor\" data-id=\"775033c8\" data-element_type=\"widget\" data-widget_type=\"text-editor.default\">\n\t\t\t\t<div class=\"elementor-widget-container\">\n\t\t\t\t\t\t\t\t\t<div style=\"text-align: left;\"><p><strong>Liebe Gesch\u00e4ftspartner, liebe Freunde und liebe Mitarbeiter,<\/strong><\/p><p>Wir sind heute mit der auf Qualit\u00e4t und Vertrauen basierenden Organisation und dem Markenziel angekommen, das wir mit fast einem halben Jahrhundert Gesch\u00e4ftserfahrung aufgebaut haben. Wir produzieren und wachsen weiterhin mit unserem Prinzip der nachhaltigen Produkt- und Servicequalit\u00e4t.   <\/p><p>Im Einklang mit unserem Grundsatz der nachhaltigen Produkt- und Dienstleistungsqualit\u00e4t setzen wir unsere Investitionen fort, um durch Innovation und Neuerungen zum Wohl unseres Landes beizutragen. Indem wir die nationale, regionale und internationale Konjunktur aufmerksam verfolgen, passen wir uns an die sich ver\u00e4ndernde Welt an und bereiten uns auf die Zukunft vor.   <\/p><p>W\u00e4hrend wir unsere Mitarbeiter, mit denen wir gemeinsam so weit gekommen sind, auf die Welt der Zukunft vorbereiten, wollen wir ihnen neue Kompetenzen vermitteln, die den Anforderungen der neuen Welt entsprechen. Parallel zu unseren Investitionen in Anlagen und Geb\u00e4ude werden wir auch weiterhin in alle Arten von Investitionen f\u00fcr unsere Mitarbeiter investieren. Wir wollen ein Unternehmen sein, f\u00fcr das unsere Mitarbeiter gerne arbeiten und das eine bevorzugte Wahl f\u00fcr neue Mitarbeiter ist.    <\/p><p>Wir sind stolz darauf, mit unseren Investitionen und der Schaffung von Arbeitspl\u00e4tzen einen Mehrwert f\u00fcr den Sektor und unser Land zu schaffen. Mit unserer Produkt- und Servicequalit\u00e4t haben wir einen Spitzenplatz unter den wertsch\u00f6pfenden Unternehmen eingenommen. Wir sind entschlossen, diesen Erfolg mit Kreativit\u00e4t und Innovation fortzusetzen.    <\/p><p>Wie bisher werden wir gemeinsam mit allen unseren Stakeholdern, Gesch\u00e4ftspartnern und insbesondere unseren Mitarbeitern wachsen und uns weiterentwickeln.<\/p><p>Ich m\u00f6chte diese Gelegenheit nutzen, um all unseren wertvollen Gesch\u00e4ftspartnern, lieben Freunden und lieben Mitarbeitern zu danken, die seit 2008 zu unserem Erfolg beigetragen haben.<\/p><p>Gr\u00fc\u00dfe, Respekt und Liebe.<\/p><p><strong>Abdulrezzak YILDIZ<\/strong><br>Vorsitzender des Verwaltungsrats \/ Generaldirektor<\/p><\/div>\t\t\t\t\t\t\t\t<\/div>\n\t\t\t\t<\/div>\n\t\t\t\t\t<\/div>\n\t\t\t\t<\/div>\n\t\t\t\t<\/div>\n\t\t","protected":false},"excerpt":{"rendered":"<p>Ba\u015fkan\u0131n Mesaj\u0131 Abdurrezzak Y\u0131ld\u0131z Y\u00f6netim Kurulu Ba\u015fkan\u0131 Liebe Gesch\u00e4ftspartner, liebe Freunde und liebe Mitarbeiter, Wir sind heute mit der auf Qualit\u00e4t und Vertrauen basierenden Organisation und dem Markenziel angekommen, das wir mit fast einem halben Jahrhundert Gesch\u00e4ftserfahrung aufgebaut haben. Wir produzieren und wachsen weiterhin mit unserem Prinzip der nachhaltigen Produkt- und Servicequalit\u00e4t. Im Einklang mit&#8230;<\/p>\n","protected":false},"author":1,"featured_media":0,"parent":0,"menu_order":0,"comment_status":"closed","ping_status":"closed","template":"","meta":{"pgc_sgb_lightbox_settings":"","footnotes":""},"class_list":["post-10058","page","type-page","status-publish","hentry"],"_links":{"self":[{"href":"https:\/\/www.yildizpolietilen.com\/de\/wp-json\/wp\/v2\/pages\/10058","targetHints":{"allow":["GET"]}}],"collection":[{"href":"https:\/\/www.yildizpolietilen.com\/de\/wp-json\/wp\/v2\/pages"}],"about":[{"href":"https:\/\/www.yildizpolietilen.com\/de\/wp-json\/wp\/v2\/types\/page"}],"author":[{"embeddable":true,"href":"https:\/\/www.yildizpolietilen.com\/de\/wp-json\/wp\/v2\/users\/1"}],"replies":[{"embeddable":true,"href":"https:\/\/www.yildizpolietilen.com\/de\/wp-json\/wp\/v2\/comments?post=10058"}],"version-history":[{"count":3,"href":"https:\/\/www.yildizpolietilen.com\/de\/wp-json\/wp\/v2\/pages\/10058\/revisions"}],"predecessor-version":[{"id":19518,"href":"https:\/\/www.yildizpolietilen.com\/de\/wp-json\/wp\/v2\/pages\/10058\/revisions\/19518"}],"wp:attachment":[{"href":"https:\/\/www.yildizpolietilen.com\/de\/wp-json\/wp\/v2\/media?parent=10058"}],"curies":[{"name":"wp","href":"https:\/\/api.w.org\/{rel}","templated":true}]}}